{"id":5038,"date":"2025-04-25T13:05:42","date_gmt":"2025-04-25T18:05:42","guid":{"rendered":"https:\/\/radicalcosmetics.com\/?post_type=product&#038;p=5038"},"modified":"2026-03-15T15:04:36","modified_gmt":"2026-03-15T20:04:36","slug":"cherry-high-intensity-shadow","status":"publish","type":"product","link":"https:\/\/radicalcosmetics.com\/es\/producto\/cherry-high-intensity-shadow\/","title":{"rendered":"Cherry High-Intensity Shadow"},"content":{"rendered":"<p>Nuestra Divisi\u00f3n de Private Label ofrece una gama completa de productos de belleza de alta calidad para maquilladores, salones, spas, esteticistas o cualquier persona que quiera comenzar su propia l\u00ednea. Los productos de Private Label requieren un pedido inicial m\u00ednimo y ofrecen una amplia gama de productos de belleza de Private Label que le permiten comenzar su propia l\u00ednea muy r\u00e1pidamente y con una inversi\u00f3n relativamente baja. Todos los productos de marca privada est\u00e1n libres de parabenos.<\/p>\n<p>Nylon-Free, Paraben-Free, Talc-Free, Made in the USA.<\/p>\n<p>&nbsp;<\/p>","protected":false},"excerpt":{"rendered":"<p data-pm-slice=\"1 1 []\">Our natural high-intensity shadows offer long-lasting vibrant colors and are made with antioxidants and moisturizers. These highly pigmented colors are easy to apply and blend, allowing you to create the look of your choice.<\/p>\n<p style=\"font-weight: 400;\">All shadows are sold in individual clear clamshells allowing you to use them individually or add them to our 12-well compact allowing you to design your custom palette.<\/p>\n<p><strong>Formulation Callouts<\/strong>: Nylon-Free, Paraben-Free, Talc-Free, Made in the USA.<\/p>\n<p>Customize your designer palette here:<\/p>\n<p>https:\/\/radicalcosmetics.com\/product\/palette-high-intensity\/<\/p>\n<p>&nbsp;<\/p>\n<p>&nbsp;<\/p>","protected":false},"featured_media":5041,"comment_status":"open","ping_status":"closed","template":"","meta":{"om_disable_all_campaigns":false,"_monsterinsights_skip_tracking":false,"_monsterinsights_sitenote_active":false,"_monsterinsights_sitenote_note":"","_monsterinsights_sitenote_category":0,"_uf_show_specific_survey":0,"_uf_disable_surveys":false},"product_brand":[],"product_cat":[229,206],"product_tag":[],"class_list":{"0":"post-5038","1":"product","2":"type-product","3":"status-publish","4":"has-post-thumbnail","6":"product_cat-build-your-own-palette","7":"product_cat-high-intensity-shadow","9":"first","10":"instock","11":"shipping-taxable","12":"purchasable","13":"product-type-simple"},"aioseo_notices":[],"jetpack_sharing_enabled":true,"_links":{"self":[{"href":"https:\/\/radicalcosmetics.com\/es\/wp-json\/wp\/v2\/product\/5038","targetHints":{"allow":["GET"]}}],"collection":[{"href":"https:\/\/radicalcosmetics.com\/es\/wp-json\/wp\/v2\/product"}],"about":[{"href":"https:\/\/radicalcosmetics.com\/es\/wp-json\/wp\/v2\/types\/product"}],"replies":[{"embeddable":true,"href":"https:\/\/radicalcosmetics.com\/es\/wp-json\/wp\/v2\/comments?post=5038"}],"wp:featuredmedia":[{"embeddable":true,"href":"https:\/\/radicalcosmetics.com\/es\/wp-json\/wp\/v2\/media\/5041"}],"wp:attachment":[{"href":"https:\/\/radicalcosmetics.com\/es\/wp-json\/wp\/v2\/media?parent=5038"}],"wp:term":[{"taxonomy":"product_brand","embeddable":true,"href":"https:\/\/radicalcosmetics.com\/es\/wp-json\/wp\/v2\/product_brand?post=5038"},{"taxonomy":"product_cat","embeddable":true,"href":"https:\/\/radicalcosmetics.com\/es\/wp-json\/wp\/v2\/product_cat?post=5038"},{"taxonomy":"product_tag","embeddable":true,"href":"https:\/\/radicalcosmetics.com\/es\/wp-json\/wp\/v2\/product_tag?post=5038"}],"curies":[{"name":"wp","href":"https:\/\/api.w.org\/{rel}","templated":true}]}}