{"id":4397,"date":"2024-08-27T08:12:08","date_gmt":"2024-08-27T13:12:08","guid":{"rendered":"https:\/\/radicalcosmetics.com\/?post_type=product&#038;p=4397"},"modified":"2025-12-04T16:50:50","modified_gmt":"2025-12-04T21:50:50","slug":"shimmering-orchid-pressed-highlighter","status":"publish","type":"product","link":"https:\/\/radicalcosmetics.com\/es\/producto\/shimmering-orchid-pressed-highlighter\/","title":{"rendered":"Shimmering Orchid Pressed Highlighter"},"content":{"rendered":"<p>Nuestra Divisi\u00f3n de Private Label ofrece una gama completa de productos de belleza de alta calidad para maquilladores, salones, spas, esteticistas o cualquier persona que quiera comenzar su propia l\u00ednea. Los productos de Private Label requieren un pedido inicial m\u00ednimo y ofrecen una amplia gama de productos de belleza de Private Label que le permiten comenzar su propia l\u00ednea muy r\u00e1pidamente y con una inversi\u00f3n relativamente baja. Todos los productos de marca privada est\u00e1n libres de parabenos.<\/p>\n<p>Nylon-Free, Paraben-Free, Talc-Free, Made in the USA.<\/p>","protected":false},"excerpt":{"rendered":"<p>Our private label division offers a complete range of high quality beauty products for make-up artists, salons, spas, estheticians, or anyone who wants to start their own line. Private label products require a low minimum initial order, while offering a wide range of private label beauty products allowing you to start your own line very quickly and with relatively low investment.<\/p>","protected":false},"featured_media":4398,"comment_status":"closed","ping_status":"closed","template":"","meta":{"om_disable_all_campaigns":false,"_monsterinsights_skip_tracking":false,"_monsterinsights_sitenote_active":false,"_monsterinsights_sitenote_note":"","_monsterinsights_sitenote_category":0,"_uf_show_specific_survey":0,"_uf_disable_surveys":false},"product_brand":[],"product_cat":[172,87],"product_tag":[],"class_list":{"0":"post-4397","1":"product","2":"type-product","3":"status-publish","4":"has-post-thumbnail","6":"product_cat-pressed-highlighter","7":"product_cat-pressed","8":"pa_color-luminosity","10":"first","11":"instock","12":"purchasable","13":"product-type-simple"},"aioseo_notices":[],"jetpack_sharing_enabled":true,"_links":{"self":[{"href":"https:\/\/radicalcosmetics.com\/es\/wp-json\/wp\/v2\/product\/4397","targetHints":{"allow":["GET"]}}],"collection":[{"href":"https:\/\/radicalcosmetics.com\/es\/wp-json\/wp\/v2\/product"}],"about":[{"href":"https:\/\/radicalcosmetics.com\/es\/wp-json\/wp\/v2\/types\/product"}],"replies":[{"embeddable":true,"href":"https:\/\/radicalcosmetics.com\/es\/wp-json\/wp\/v2\/comments?post=4397"}],"wp:featuredmedia":[{"embeddable":true,"href":"https:\/\/radicalcosmetics.com\/es\/wp-json\/wp\/v2\/media\/4398"}],"wp:attachment":[{"href":"https:\/\/radicalcosmetics.com\/es\/wp-json\/wp\/v2\/media?parent=4397"}],"wp:term":[{"taxonomy":"product_brand","embeddable":true,"href":"https:\/\/radicalcosmetics.com\/es\/wp-json\/wp\/v2\/product_brand?post=4397"},{"taxonomy":"product_cat","embeddable":true,"href":"https:\/\/radicalcosmetics.com\/es\/wp-json\/wp\/v2\/product_cat?post=4397"},{"taxonomy":"product_tag","embeddable":true,"href":"https:\/\/radicalcosmetics.com\/es\/wp-json\/wp\/v2\/product_tag?post=4397"}],"curies":[{"name":"wp","href":"https:\/\/api.w.org\/{rel}","templated":true}]}}