{"id":3707,"date":"2023-08-31T15:28:20","date_gmt":"2023-08-31T20:28:20","guid":{"rendered":"https:\/\/radicalcosmetics.com\/?post_type=product&#038;p=3707"},"modified":"2025-09-23T11:16:52","modified_gmt":"2025-09-23T16:16:52","slug":"mint-green-pressed-eyeshadow","status":"publish","type":"product","link":"https:\/\/radicalcosmetics.com\/es\/producto\/mint-green-pressed-eyeshadow\/","title":{"rendered":"Mint Green Pressed Eyeshadow"},"content":{"rendered":"<p>**If you are interested in creating your own pressed eyeshadow, please contact our contract manufacturing team at email <a href=\"mailto:info@radicalcosmetics.com\">info@radicalcosmetics.com<\/a>.Lo guiar\u00e1n en todo el proceso para personalizar sus productos.<\/p>\n<p>Nuestra Divisi\u00f3n de Private Label ofrece una gama completa de productos de belleza de alta calidad para maquilladores, salones, spas, esteticistas o cualquier persona que quiera comenzar su propia l\u00ednea. Los productos de Private Label requieren un pedido inicial m\u00ednimo y ofrecen una amplia gama de productos de belleza de Private Label que le permiten comenzar su propia l\u00ednea muy r\u00e1pidamente y con una inversi\u00f3n relativamente baja. Todos los productos de marca privada est\u00e1n libres de parabenos.<\/p>","protected":false},"excerpt":{"rendered":"<p>Our natural pressed eye shadows offer long lasting vibrant colors and are infused with antioxidants and moisturizers. These highly pigmented colors are easy to apply and blend allowing you to create subtle or strikingly dramatic looks.<\/p>\n<p>Nylon-Free, Paraben-Free, Talc-Free, Made in the USA.<\/p>","protected":false},"featured_media":1070,"comment_status":"closed","ping_status":"closed","template":"","meta":{"om_disable_all_campaigns":false,"_monsterinsights_skip_tracking":false,"_monsterinsights_sitenote_active":false,"_monsterinsights_sitenote_note":"","_monsterinsights_sitenote_category":0,"_uf_show_specific_survey":0,"_uf_disable_surveys":false},"product_brand":[],"product_cat":[149,87],"product_tag":[],"class_list":{"0":"post-3707","1":"product","2":"type-product","3":"status-publish","4":"has-post-thumbnail","6":"product_cat-pressed-eyeshadow","7":"product_cat-pressed","8":"pa_color-mint-green","10":"first","11":"instock","12":"purchasable","13":"product-type-simple"},"aioseo_notices":[],"jetpack_sharing_enabled":true,"_links":{"self":[{"href":"https:\/\/radicalcosmetics.com\/es\/wp-json\/wp\/v2\/product\/3707","targetHints":{"allow":["GET"]}}],"collection":[{"href":"https:\/\/radicalcosmetics.com\/es\/wp-json\/wp\/v2\/product"}],"about":[{"href":"https:\/\/radicalcosmetics.com\/es\/wp-json\/wp\/v2\/types\/product"}],"replies":[{"embeddable":true,"href":"https:\/\/radicalcosmetics.com\/es\/wp-json\/wp\/v2\/comments?post=3707"}],"wp:featuredmedia":[{"embeddable":true,"href":"https:\/\/radicalcosmetics.com\/es\/wp-json\/wp\/v2\/media\/1070"}],"wp:attachment":[{"href":"https:\/\/radicalcosmetics.com\/es\/wp-json\/wp\/v2\/media?parent=3707"}],"wp:term":[{"taxonomy":"product_brand","embeddable":true,"href":"https:\/\/radicalcosmetics.com\/es\/wp-json\/wp\/v2\/product_brand?post=3707"},{"taxonomy":"product_cat","embeddable":true,"href":"https:\/\/radicalcosmetics.com\/es\/wp-json\/wp\/v2\/product_cat?post=3707"},{"taxonomy":"product_tag","embeddable":true,"href":"https:\/\/radicalcosmetics.com\/es\/wp-json\/wp\/v2\/product_tag?post=3707"}],"curies":[{"name":"wp","href":"https:\/\/api.w.org\/{rel}","templated":true}]}}