{"id":3637,"date":"2023-08-31T15:28:03","date_gmt":"2023-08-31T20:28:03","guid":{"rendered":"https:\/\/radicalcosmetics.com\/?post_type=product&#038;p=3637"},"modified":"2026-03-15T21:09:45","modified_gmt":"2026-03-16T02:09:45","slug":"natural-pressed-foundation","status":"publish","type":"product","link":"https:\/\/radicalcosmetics.com\/es\/producto\/natural-pressed-foundation\/","title":{"rendered":"Natural Pressed Foundation"},"content":{"rendered":"<p>Nuestra Divisi\u00f3n de Private Label ofrece una gama completa de productos de belleza de alta calidad para maquilladores, salones, spas, esteticistas o cualquier persona que quiera comenzar su propia l\u00ednea. Los productos de Private Label requieren un pedido inicial m\u00ednimo y ofrecen una amplia gama de productos de belleza de Private Label que le permiten comenzar su propia l\u00ednea muy r\u00e1pidamente y con una inversi\u00f3n relativamente baja. Todos los productos de marca privada est\u00e1n libres de parabenos.<\/p>","protected":false},"excerpt":{"rendered":"<p>Nuestra base mineral compacta de cobertura ligera combina lo mejor de los cosm\u00e9ticos y los beneficios del cuidado de la piel, ya que ayuda a cubrir la piel sensible o irritada. Con su cobertura edificable y su f\u00f3rmula a base de minerales, dejar\u00e1 su piel con un aspecto naturalmente impecable. Convenientemente presionado para una aplicaci\u00f3n sobre la marcha.<\/p>\n<p>Nylon-Free, Paraben-Free, Talc-Free, Made in the USA.<\/p>","protected":false},"featured_media":935,"comment_status":"closed","ping_status":"closed","template":"","meta":{"om_disable_all_campaigns":false,"_monsterinsights_skip_tracking":false,"_monsterinsights_sitenote_active":false,"_monsterinsights_sitenote_note":"","_monsterinsights_sitenote_category":0,"_uf_show_specific_survey":0,"_uf_disable_surveys":false},"product_brand":[],"product_cat":[88,87],"product_tag":[],"class_list":{"0":"post-3637","1":"product","2":"type-product","3":"status-publish","4":"has-post-thumbnail","6":"product_cat-pressed-foundation","7":"product_cat-pressed","8":"pa_color-natural","10":"first","11":"instock","12":"purchasable","13":"product-type-simple"},"aioseo_notices":[],"jetpack_sharing_enabled":true,"_links":{"self":[{"href":"https:\/\/radicalcosmetics.com\/es\/wp-json\/wp\/v2\/product\/3637","targetHints":{"allow":["GET"]}}],"collection":[{"href":"https:\/\/radicalcosmetics.com\/es\/wp-json\/wp\/v2\/product"}],"about":[{"href":"https:\/\/radicalcosmetics.com\/es\/wp-json\/wp\/v2\/types\/product"}],"replies":[{"embeddable":true,"href":"https:\/\/radicalcosmetics.com\/es\/wp-json\/wp\/v2\/comments?post=3637"}],"wp:featuredmedia":[{"embeddable":true,"href":"https:\/\/radicalcosmetics.com\/es\/wp-json\/wp\/v2\/media\/935"}],"wp:attachment":[{"href":"https:\/\/radicalcosmetics.com\/es\/wp-json\/wp\/v2\/media?parent=3637"}],"wp:term":[{"taxonomy":"product_brand","embeddable":true,"href":"https:\/\/radicalcosmetics.com\/es\/wp-json\/wp\/v2\/product_brand?post=3637"},{"taxonomy":"product_cat","embeddable":true,"href":"https:\/\/radicalcosmetics.com\/es\/wp-json\/wp\/v2\/product_cat?post=3637"},{"taxonomy":"product_tag","embeddable":true,"href":"https:\/\/radicalcosmetics.com\/es\/wp-json\/wp\/v2\/product_tag?post=3637"}],"curies":[{"name":"wp","href":"https:\/\/api.w.org\/{rel}","templated":true}]}}