{"id":355,"date":"2022-02-05T16:38:00","date_gmt":"2022-02-05T21:38:00","guid":{"rendered":"https:\/\/radicalcosmetics.com\/?page_id=355"},"modified":"2026-01-13T15:47:58","modified_gmt":"2026-01-13T20:47:58","slug":"contact","status":"publish","type":"page","link":"https:\/\/radicalcosmetics.com\/es\/contact\/","title":{"rendered":"Contacto"},"content":{"rendered":"<div data-elementor-type=\"wp-page\" data-elementor-id=\"355\" class=\"elementor elementor-355\" data-elementor-post-type=\"page\">\n\t\t\t\t\t\t<section class=\"elementor-section elementor-top-section elementor-element elementor-element-85a135d elementor-section-boxed elementor-section-height-default elementor-section-height-default\" data-id=\"85a135d\" data-element_type=\"section\" data-e-type=\"section\">\n\t\t\t\t\t\t<div class=\"elementor-container elementor-column-gap-default\">\n\t\t\t\t\t<div class=\"elementor-column elementor-col-100 elementor-top-column elementor-element elementor-element-7c1fef0\" data-id=\"7c1fef0\" data-element_type=\"column\" data-e-type=\"column\">\n\t\t\t<div class=\"elementor-widget-wrap elementor-element-populated\">\n\t\t\t\t\t\t<div class=\"elementor-element elementor-element-46f9e38 elementor-widget elementor-widget-heading\" data-id=\"46f9e38\" data-element_type=\"widget\" data-e-type=\"widget\" data-widget_type=\"heading.default\">\n\t\t\t\t<div class=\"elementor-widget-container\">\n\t\t\t\t\t<h2 class=\"elementor-heading-title elementor-size-default\"><h1 class=\"font_2\" style=\"margin-bottom: 0px;background: transparent;font-style: normal;font-size: 50px;line-height: normal;text-transform: none\"><span style=\"background: transparent\"><span class=\"color_14\" style=\"background: transparent\">Cont\u00e1ctanos<\/span><\/h1><\/h2>\t\t\t\t<\/div>\n\t\t\t\t<\/div>\n\t\t\t\t<div class=\"elementor-element elementor-element-5dd5c75 elementor-widget elementor-widget-heading\" data-id=\"5dd5c75\" data-element_type=\"widget\" data-e-type=\"widget\" data-widget_type=\"heading.default\">\n\t\t\t\t<div class=\"elementor-widget-container\">\n\t\t\t\t\t<h2 class=\"elementor-heading-title elementor-size-default\"><h2 class=\"font_2\" style=\"margin-bottom: 0px;background: transparent;font-style: normal;font-size: 50px;line-height: normal;text-transform: none\"><span style=\"background: transparent\"><span class=\"color_14\" style=\"background: transparent\">Nos<\/span>&nbsp;<span style=\"background: transparent\">apaciona<\/span>&nbsp;<span class=\"color_14\" style=\"background: transparent\">hablar sobre cosmeticos!<\/span><\/span><\/h2><\/h2>\t\t\t\t<\/div>\n\t\t\t\t<\/div>\n\t\t\t\t<div class=\"elementor-element elementor-element-617dce7 color-scheme-inherit text-left elementor-widget elementor-widget-text-editor\" data-id=\"617dce7\" data-element_type=\"widget\" data-e-type=\"widget\" data-widget_type=\"text-editor.default\">\n\t\t\t\t<div class=\"elementor-widget-container\">\n\t\t\t\t\t\t\t\t\t<p class=\"font_7\"><strong><span class=\"color_35\">For fastest service, call our team at (772)882-4511.<\/span><\/strong><\/p><p class=\"font_7\"><strong><span class=\"color_35\">If contacting after normal business hours, please send us an email. <\/span><\/strong><\/p><p class=\"font_7\"><strong><span class=\"color_35\">Please send general inquiries to<a href=\"mailto:info@radicalcosmetics.com\"> info@radicalcosmetics.com<\/a><\/span><\/strong><\/p><p><strong>For private label inquiries, please contact <a href=\"mailto:privatelabel@radicalcosmetics.com\">privatelabel@radicalcosmetics.com<\/a><\/strong><\/p><p><strong>For contract manufacturing inquiries please contact <a href=\"mailto:marketing@radicalcosmetics.com\">marketing@radicalcosmetics.com<\/a><\/strong><\/p>\t\t\t\t\t\t\t\t<\/div>\n\t\t\t\t<\/div>\n\t\t\t\t<div class=\"elementor-element elementor-element-d79d22c color-scheme-inherit text-left elementor-widget elementor-widget-text-editor\" data-id=\"d79d22c\" data-element_type=\"widget\" data-e-type=\"widget\" data-widget_type=\"text-editor.default\">\n\t\t\t\t<div class=\"elementor-widget-container\">\n\t\t\t\t\t\t\t\t\t<p class=\"font_7\"><span class=\"color_35\">Visitanos:<\/span><\/p><p class=\"font_7\"><span class=\"color_35\">1401 North 2nd Street, Fort Pierce, Florida 34950 <\/span><span class=\"color_35\">(120 millas al sureste de Orlando, FL. 53 millas al norte de West Palm Beach, FL)<\/span><\/p>\t\t\t\t\t\t\t\t<\/div>\n\t\t\t\t<\/div>\n\t\t\t\t\t<\/div>\n\t\t<\/div>\n\t\t\t\t\t<\/div>\n\t\t<\/section>\n\t\t\t\t<section class=\"elementor-section elementor-top-section elementor-element elementor-element-2e3e4e7 elementor-section-boxed elementor-section-height-default elementor-section-height-default\" data-id=\"2e3e4e7\" data-element_type=\"section\" data-e-type=\"section\">\n\t\t\t\t\t\t<div class=\"elementor-container elementor-column-gap-default\">\n\t\t\t\t\t<div class=\"elementor-column elementor-col-100 elementor-top-column elementor-element elementor-element-d8a86a1\" data-id=\"d8a86a1\" data-element_type=\"column\" data-e-type=\"column\">\n\t\t\t<div class=\"elementor-widget-wrap elementor-element-populated\">\n\t\t\t\t\t\t<div class=\"elementor-element elementor-element-bc782c9 elementor-widget elementor-widget-google_maps\" data-id=\"bc782c9\" data-element_type=\"widget\" data-e-type=\"widget\" data-widget_type=\"google_maps.default\">\n\t\t\t\t<div class=\"elementor-widget-container\">\n\t\t\t\t\t\t\t<div class=\"elementor-custom-embed\">\n\t\t\t<iframe loading=\"lazy\"\n\t\t\t\t\tsrc=\"https:\/\/maps.google.com\/maps?q=1401%20N%202nd%20St%2C%20Fort%20Pierce%2C%20FL%2034950%2C%20EE.%20UU.&#038;t=m&#038;z=10&#038;output=embed&#038;iwloc=near\"\n\t\t\t\t\ttitle=\"1401 N 2nd St, Fort Pierce, FL 34950, EE. UU.\"\n\t\t\t\t\taria-label=\"1401 N 2nd St, Fort Pierce, FL 34950, EE. UU.\"\n\t\t\t><\/iframe>\n\t\t<\/div>\n\t\t\t\t\t\t<\/div>\n\t\t\t\t<\/div>\n\t\t\t\t\t<\/div>\n\t\t<\/div>\n\t\t\t\t\t<\/div>\n\t\t<\/section>\n\t\t\t\t<section class=\"elementor-section elementor-top-section elementor-element elementor-element-60b77f7 elementor-section-boxed elementor-section-height-default elementor-section-height-default\" data-id=\"60b77f7\" data-element_type=\"section\" data-e-type=\"section\">\n\t\t\t\t\t\t<div class=\"elementor-container elementor-column-gap-default\">\n\t\t\t\t\t<div class=\"elementor-column elementor-col-100 elementor-top-column elementor-element elementor-element-c3a4c85\" data-id=\"c3a4c85\" data-element_type=\"column\" data-e-type=\"column\">\n\t\t\t<div class=\"elementor-widget-wrap elementor-element-populated\">\n\t\t\t\t\t\t<section class=\"elementor-section elementor-inner-section elementor-element elementor-element-4e28729 elementor-section-boxed elementor-section-height-default elementor-section-height-default\" data-id=\"4e28729\" data-element_type=\"section\" data-e-type=\"section\">\n\t\t\t\t\t\t<div class=\"elementor-container elementor-column-gap-default\">\n\t\t\t\t\t<div class=\"elementor-column elementor-col-50 elementor-inner-column elementor-element elementor-element-cee3275\" data-id=\"cee3275\" data-element_type=\"column\" data-e-type=\"column\" data-settings=\"{&quot;background_background&quot;:&quot;classic&quot;}\">\n\t\t\t<div class=\"elementor-widget-wrap elementor-element-populated\">\n\t\t\t\t\t\t<div class=\"elementor-element elementor-element-a489e64 elementor-widget elementor-widget-heading\" data-id=\"a489e64\" data-element_type=\"widget\" data-e-type=\"widget\" data-widget_type=\"heading.default\">\n\t\t\t\t<div class=\"elementor-widget-container\">\n\t\t\t\t\t<h2 class=\"elementor-heading-title elementor-size-default\">Division Private Label<\/h2>\t\t\t\t<\/div>\n\t\t\t\t<\/div>\n\t\t\t\t<div class=\"elementor-element elementor-element-8b0f81c color-scheme-inherit text-left elementor-widget elementor-widget-text-editor\" data-id=\"8b0f81c\" data-element_type=\"widget\" data-e-type=\"widget\" data-widget_type=\"text-editor.default\">\n\t\t\t\t<div class=\"elementor-widget-container\">\n\t\t\t\t\t\t\t\t\t<p class=\"font_7\">Atenci\u00f3n al cliente ||\u00a0<br \/><a href=\"mailto:privatelabel@radicalcosmetics.com\" target=\"_self\">privatelabel@radicalcosmetics.com<\/a><\/p>\t\t\t\t\t\t\t\t<\/div>\n\t\t\t\t<\/div>\n\t\t\t\t<div class=\"elementor-element elementor-element-44df996 elementor-widget elementor-widget-heading\" data-id=\"44df996\" data-element_type=\"widget\" data-e-type=\"widget\" data-widget_type=\"heading.default\">\n\t\t\t\t<div class=\"elementor-widget-container\">\n\t\t\t\t\t<h2 class=\"elementor-heading-title elementor-size-default\">Otros departamentos<\/h2>\t\t\t\t<\/div>\n\t\t\t\t<\/div>\n\t\t\t\t<div class=\"elementor-element elementor-element-47d57e6 color-scheme-inherit text-left elementor-widget elementor-widget-text-editor\" data-id=\"47d57e6\" data-element_type=\"widget\" data-e-type=\"widget\" data-widget_type=\"text-editor.default\">\n\t\t\t\t<div class=\"elementor-widget-container\">\n\t\t\t\t\t\t\t\t\t<p class=\"font_7\">Marketing &amp; ventas<br \/><a href=\"mailto:marketing@radicalcosmetics.com\" target=\"_self\">marketing@radicalcosmetics.com<\/a><\/p>\t\t\t\t\t\t\t\t<\/div>\n\t\t\t\t<\/div>\n\t\t\t\t<div class=\"elementor-element elementor-element-4fd364e elementor-widget elementor-widget-heading\" data-id=\"4fd364e\" data-element_type=\"widget\" data-e-type=\"widget\" data-widget_type=\"heading.default\">\n\t\t\t\t<div class=\"elementor-widget-container\">\n\t\t\t\t\t<h2 class=\"elementor-heading-title elementor-size-default\">Formulaci\u00f3n y fabricaci\u00f3n<\/h2>\t\t\t\t<\/div>\n\t\t\t\t<\/div>\n\t\t\t\t<div class=\"elementor-element elementor-element-b2ec5e9 color-scheme-inherit text-left elementor-widget elementor-widget-text-editor\" data-id=\"b2ec5e9\" data-element_type=\"widget\" data-e-type=\"widget\" data-widget_type=\"text-editor.default\">\n\t\t\t\t<div class=\"elementor-widget-container\">\n\t\t\t\t\t\t\t\t\t<p class=\"font_7\">Nuevo contratos (consultas sobre formulaciones personalizadas)<br \/><a href=\"mailto:info@radicalcosmetics.com\" target=\"_self\">info@radicalcosmetics.com<\/a><\/p>\t\t\t\t\t\t\t\t<\/div>\n\t\t\t\t<\/div>\n\t\t\t\t\t<\/div>\n\t\t<\/div>\n\t\t\t\t<div class=\"elementor-column elementor-col-50 elementor-inner-column elementor-element elementor-element-7eb28e1\" data-id=\"7eb28e1\" data-element_type=\"column\" data-e-type=\"column\" data-settings=\"{&quot;background_background&quot;:&quot;classic&quot;}\">\n\t\t\t<div class=\"elementor-widget-wrap elementor-element-populated\">\n\t\t\t\t\t\t<div class=\"elementor-element elementor-element-6542319 elementor-widget elementor-widget-heading\" data-id=\"6542319\" data-element_type=\"widget\" data-e-type=\"widget\" data-widget_type=\"heading.default\">\n\t\t\t\t<div class=\"elementor-widget-container\">\n\t\t\t\t\t<h2 class=\"elementor-heading-title elementor-size-default\">Cont\u00e1ctanos<\/h2>\t\t\t\t<\/div>\n\t\t\t\t<\/div>\n\t\t\t\t<div class=\"elementor-element elementor-element-91e8642 color-scheme-inherit text-left elementor-widget elementor-widget-text-editor\" data-id=\"91e8642\" data-element_type=\"widget\" data-e-type=\"widget\" data-widget_type=\"text-editor.default\">\n\t\t\t\t<div class=\"elementor-widget-container\">\n\t\t\t\t\t\t\t\t\t<p class=\"font_7\"><span class=\"color_35\">Llama a nuestro equipo <a href=\"tel:+1(772)882-4511\">+1(772)882-4511<\/a>&nbsp;<\/span><\/p>\t\t\t\t\t\t\t\t<\/div>\n\t\t\t\t<\/div>\n\t\t\t\t<div class=\"elementor-element elementor-element-19e4a1d color-scheme-inherit text-left elementor-widget elementor-widget-text-editor\" data-id=\"19e4a1d\" data-element_type=\"widget\" data-e-type=\"widget\" data-widget_type=\"text-editor.default\">\n\t\t\t\t<div class=\"elementor-widget-container\">\n\t\t\t\t\t\t\t\t\t<p class=\"font_7\"><span class=\"color_35\">Visitanos:<\/span><\/p>\n<p class=\"font_7\"><span class=\"color_35\">1401 North 2nd Street, Fort Pierce, Florida 34950 <\/span><span class=\"color_35\"><\/br>(120 millas al sureste de Orlando, FL. 53 millas al norte de West Palm Beach, FL)<\/span><\/p>\t\t\t\t\t\t\t\t<\/div>\n\t\t\t\t<\/div>\n\t\t\t\t\t<\/div>\n\t\t<\/div>\n\t\t\t\t\t<\/div>\n\t\t<\/section>\n\t\t\t\t\t<\/div>\n\t\t<\/div>\n\t\t\t\t\t<\/div>\n\t\t<\/section>\n\t\t\t\t<section class=\"elementor-section elementor-top-section elementor-element elementor-element-7f868f8 elementor-section-boxed elementor-section-height-default elementor-section-height-default\" data-id=\"7f868f8\" data-element_type=\"section\" data-e-type=\"section\">\n\t\t\t\t\t\t<div class=\"elementor-container elementor-column-gap-default\">\n\t\t\t\t\t<div class=\"elementor-column elementor-col-100 elementor-top-column elementor-element elementor-element-764e8e9\" data-id=\"764e8e9\" data-element_type=\"column\" data-e-type=\"column\">\n\t\t\t<div class=\"elementor-widget-wrap elementor-element-populated\">\n\t\t\t\t\t\t<div class=\"elementor-element elementor-element-88d7757 elementor-widget elementor-widget-image\" data-id=\"88d7757\" data-element_type=\"widget\" data-e-type=\"widget\" data-widget_type=\"image.default\">\n\t\t\t\t<div class=\"elementor-widget-container\">\n\t\t\t\t\t\t\t\t\t\t\t\t\t\t\t<img fetchpriority=\"high\" decoding=\"async\" width=\"1024\" height=\"513\" src=\"https:\/\/radicalcosmetics.com\/wp-content\/uploads\/2022\/02\/Open-Hours-1024x513.jpg\" class=\"attachment-large size-large wp-image-1417\" alt=\"Exterior of Radical Cosmetics\u2019 manufacturing facility in Fort Pierce, Florida, USA. A leading private label and white label cosmetics manufacturer specializing in luxury, clean beauty, organic, vegan, and cruelty-free beauty products.\" srcset=\"https:\/\/radicalcosmetics.com\/wp-content\/uploads\/2022\/02\/Open-Hours-1024x513.jpg 1024w, https:\/\/radicalcosmetics.com\/wp-content\/uploads\/2022\/02\/Open-Hours-150x75.jpg 150w, https:\/\/radicalcosmetics.com\/wp-content\/uploads\/2022\/02\/Open-Hours-600x301.jpg 600w, https:\/\/radicalcosmetics.com\/wp-content\/uploads\/2022\/02\/Open-Hours-300x150.jpg 300w, https:\/\/radicalcosmetics.com\/wp-content\/uploads\/2022\/02\/Open-Hours-768x385.jpg 768w, https:\/\/radicalcosmetics.com\/wp-content\/uploads\/2022\/02\/Open-Hours.jpg 1126w\" sizes=\"(max-width: 1024px) 100vw, 1024px\" \/>\t\t\t\t\t\t\t\t\t\t\t\t\t\t\t<\/div>\n\t\t\t\t<\/div>\n\t\t\t\t\t<\/div>\n\t\t<\/div>\n\t\t\t\t\t<\/div>\n\t\t<\/section>\n\t\t\t\t<section class=\"elementor-section elementor-top-section elementor-element elementor-element-6f00f39 elementor-section-boxed elementor-section-height-default elementor-section-height-default\" data-id=\"6f00f39\" data-element_type=\"section\" data-e-type=\"section\">\n\t\t\t\t\t\t<div class=\"elementor-container elementor-column-gap-default\">\n\t\t\t\t\t<div class=\"elementor-column elementor-col-100 elementor-top-column elementor-element elementor-element-58159d4\" data-id=\"58159d4\" data-element_type=\"column\" data-e-type=\"column\">\n\t\t\t<div class=\"elementor-widget-wrap elementor-element-populated\">\n\t\t\t\t\t\t<div class=\"elementor-element elementor-element-dbb931f elementor-widget elementor-widget-heading\" data-id=\"dbb931f\" data-element_type=\"widget\" data-e-type=\"widget\" data-widget_type=\"heading.default\">\n\t\t\t\t<div class=\"elementor-widget-container\">\n\t\t\t\t\t<h2 class=\"elementor-heading-title elementor-size-default\">HORARIO DE ATENCI\u00d3N<\/h2>\t\t\t\t<\/div>\n\t\t\t\t<\/div>\n\t\t\t\t<div class=\"elementor-element elementor-element-d93e9df text-center color-scheme-inherit elementor-widget elementor-widget-text-editor\" data-id=\"d93e9df\" data-element_type=\"widget\" data-e-type=\"widget\" data-widget_type=\"text-editor.default\">\n\t\t\t\t<div class=\"elementor-widget-container\">\n\t\t\t\t\t\t\t\t\t<p><strong>Visitanos \/ Lunes - Viernes<\/strong> 9:00am &#8211; 5:00pm Est<\/p>\t\t\t\t\t\t\t\t<\/div>\n\t\t\t\t<\/div>\n\t\t\t\t<div class=\"elementor-element elementor-element-46f030b color-scheme-inherit text-left elementor-widget elementor-widget-text-editor\" data-id=\"46f030b\" data-element_type=\"widget\" data-e-type=\"widget\" data-widget_type=\"text-editor.default\">\n\t\t\t\t<div class=\"elementor-widget-container\">\n\t\t\t\t\t\t\t\t\t<p>Aseg\u00farese de encontrarnos en las redes sociales, nos encantar\u00eda conectarnos con usted para mostrarle nuestros \u00faltimos lanzamientos y desarrollos de productos en Radical Cosmetics. Nuestro hashtag oficial es #BrandwithRadical<\/p>\t\t\t\t\t\t\t\t<\/div>\n\t\t\t\t<\/div>\n\t\t\t\t<div class=\"elementor-element elementor-element-608cf03 color-scheme-inherit text-left elementor-widget elementor-widget-text-editor\" data-id=\"608cf03\" data-element_type=\"widget\" data-e-type=\"widget\" data-widget_type=\"text-editor.default\">\n\t\t\t\t<div class=\"elementor-widget-container\">\n\t\t\t\t\t\t\t\t\t<p><strong>Gracias por su inter\u00e9s, \u00a1Esperamos que se una a nuestra comunidad de cosm\u00e9ticos!<\/strong><\/p>\t\t\t\t\t\t\t\t<\/div>\n\t\t\t\t<\/div>\n\t\t\t\t\t<\/div>\n\t\t<\/div>\n\t\t\t\t\t<\/div>\n\t\t<\/section>\n\t\t\t\t<\/div>","protected":false},"excerpt":{"rendered":"<p>Contact Us We&nbsp;love&nbsp;to chat about cosmetics! For fastest service, call our team at (772)882-4511. If contacting after normal business hours,<\/p>","protected":false},"author":1,"featured_media":0,"parent":0,"menu_order":0,"comment_status":"closed","ping_status":"closed","template":"","meta":{"om_disable_all_campaigns":false,"_monsterinsights_skip_tracking":false,"_monsterinsights_sitenote_active":false,"_monsterinsights_sitenote_note":"","_monsterinsights_sitenote_category":0,"_uf_show_specific_survey":0,"_uf_disable_surveys":false,"footnotes":""},"class_list":["post-355","page","type-page","status-publish","hentry"],"aioseo_notices":[],"jetpack_sharing_enabled":true,"_links":{"self":[{"href":"https:\/\/radicalcosmetics.com\/es\/wp-json\/wp\/v2\/pages\/355","targetHints":{"allow":["GET"]}}],"collection":[{"href":"https:\/\/radicalcosmetics.com\/es\/wp-json\/wp\/v2\/pages"}],"about":[{"href":"https:\/\/radicalcosmetics.com\/es\/wp-json\/wp\/v2\/types\/page"}],"author":[{"embeddable":true,"href":"https:\/\/radicalcosmetics.com\/es\/wp-json\/wp\/v2\/users\/1"}],"replies":[{"embeddable":true,"href":"https:\/\/radicalcosmetics.com\/es\/wp-json\/wp\/v2\/comments?post=355"}],"version-history":[{"count":18,"href":"https:\/\/radicalcosmetics.com\/es\/wp-json\/wp\/v2\/pages\/355\/revisions"}],"predecessor-version":[{"id":6082,"href":"https:\/\/radicalcosmetics.com\/es\/wp-json\/wp\/v2\/pages\/355\/revisions\/6082"}],"wp:attachment":[{"href":"https:\/\/radicalcosmetics.com\/es\/wp-json\/wp\/v2\/media?parent=355"}],"curies":[{"name":"wp","href":"https:\/\/api.w.org\/{rel}","templated":true}]}}