{"id":352,"date":"2022-02-03T13:45:47","date_gmt":"2022-02-03T18:45:47","guid":{"rendered":"https:\/\/radicalcosmetics.com\/?page_id=352"},"modified":"2025-02-05T18:36:31","modified_gmt":"2025-02-05T23:36:31","slug":"careers","status":"publish","type":"page","link":"https:\/\/radicalcosmetics.com\/es\/careers\/","title":{"rendered":"Oportunidad Laboral"},"content":{"rendered":"<div data-elementor-type=\"wp-page\" data-elementor-id=\"352\" class=\"elementor elementor-352\" data-elementor-post-type=\"page\">\n\t\t\t\t\t\t<section class=\"elementor-section elementor-top-section elementor-element elementor-element-5f824a2 elementor-section-full_width elementor-section-height-min-height elementor-section-stretched elementor-section-height-default elementor-section-items-middle\" data-id=\"5f824a2\" data-element_type=\"section\" data-e-type=\"section\" data-settings=\"{&quot;stretch_section&quot;:&quot;section-stretched&quot;,&quot;background_background&quot;:&quot;classic&quot;}\">\n\t\t\t\t\t\t<div class=\"elementor-container elementor-column-gap-default\">\n\t\t\t\t\t<div class=\"elementor-column elementor-col-100 elementor-top-column elementor-element elementor-element-93eb613\" data-id=\"93eb613\" data-element_type=\"column\" data-e-type=\"column\">\n\t\t\t<div class=\"elementor-widget-wrap\">\n\t\t\t\t\t\t\t<\/div>\n\t\t<\/div>\n\t\t\t\t\t<\/div>\n\t\t<\/section>\n\t\t\t\t<section class=\"elementor-section elementor-top-section elementor-element elementor-element-85a135d elementor-section-boxed elementor-section-height-default elementor-section-height-default\" data-id=\"85a135d\" data-element_type=\"section\" data-e-type=\"section\">\n\t\t\t\t\t\t<div class=\"elementor-container elementor-column-gap-default\">\n\t\t\t\t\t<div class=\"elementor-column elementor-col-100 elementor-top-column elementor-element elementor-element-7c1fef0\" data-id=\"7c1fef0\" data-element_type=\"column\" data-e-type=\"column\">\n\t\t\t<div class=\"elementor-widget-wrap elementor-element-populated\">\n\t\t\t\t\t\t<div class=\"elementor-element elementor-element-46f9e38 elementor-widget elementor-widget-heading\" data-id=\"46f9e38\" data-element_type=\"widget\" data-e-type=\"widget\" data-widget_type=\"heading.default\">\n\t\t\t\t<div class=\"elementor-widget-container\">\n\t\t\t\t\t<h1 class=\"elementor-heading-title elementor-size-default\">Oportunidad Laboral<\/h1>\t\t\t\t<\/div>\n\t\t\t\t<\/div>\n\t\t\t\t<div class=\"elementor-element elementor-element-6a003b7 color-scheme-inherit text-left elementor-widget elementor-widget-text-editor\" data-id=\"6a003b7\" data-element_type=\"widget\" data-e-type=\"widget\" data-widget_type=\"text-editor.default\">\n\t\t\t\t<div class=\"elementor-widget-container\">\n\t\t\t\t\t\t\t\t\t<p>Looking for an exciting, fast-paced career in the beauty industry? At Radical Cosmetics, we strive to create an engaging environment where teamwork, collaboration, and exceptional problem-solving skills are recognized and rewarded. Radical Cosmetics continues to grow, year over year because our team loves what they do. Our entire team shares pride in the clean beauty industry that extends around the world through our clients.<\/p>\t\t\t\t\t\t\t\t<\/div>\n\t\t\t\t<\/div>\n\t\t\t\t<div class=\"elementor-element elementor-element-617dce7 color-scheme-inherit text-left elementor-widget elementor-widget-text-editor\" data-id=\"617dce7\" data-element_type=\"widget\" data-e-type=\"widget\" data-widget_type=\"text-editor.default\">\n\t\t\t\t<div class=\"elementor-widget-container\">\n\t\t\t\t\t\t\t\t\t<p><span style=\"font-family: Poppins, sans-serif;font-size: 14px;font-style: normal;font-weight: 200\">En Radical Cosmetics, realmente disfrutamos y adoptamos enfoques empresariales para la toma de decisiones basada en proyectos, as\u00ed como para asumir desaf\u00edos que innovan nuestra industria en su conjunto. Estamos comprometidos en ayudar a nuestros clientes globales a mantenerse por delante de su competencia a trav\u00e9s de estrategias de talento e iniciativas de aprendizaje electr\u00f3nico dentro de nuestro lugar de trabajo.\u00a0<\/span><span style=\"font-style: normal;font-weight: bold;font-family: Poppins, sans-serif;font-size: 14px;background: transparent\">Estamos buscando agregar experiencia en los siguientes puestos que se mencionan a continuaci\u00f3n:<\/span><\/p>\t\t\t\t\t\t\t\t<\/div>\n\t\t\t\t<\/div>\n\t\t\t\t\t<\/div>\n\t\t<\/div>\n\t\t\t\t\t<\/div>\n\t\t<\/section>\n\t\t\t\t<section class=\"elementor-section elementor-top-section elementor-element elementor-element-7a3ee48 elementor-section-boxed elementor-section-height-default elementor-section-height-default\" data-id=\"7a3ee48\" data-element_type=\"section\" data-e-type=\"section\">\n\t\t\t\t\t\t<div class=\"elementor-container elementor-column-gap-default\">\n\t\t\t\t\t<div class=\"elementor-column elementor-col-100 elementor-top-column elementor-element elementor-element-c8c6601\" data-id=\"c8c6601\" data-element_type=\"column\" data-e-type=\"column\">\n\t\t\t<div class=\"elementor-widget-wrap elementor-element-populated\">\n\t\t\t\t\t\t<div class=\"elementor-element elementor-element-b639160 elementor-widget elementor-widget-heading\" data-id=\"b639160\" data-element_type=\"widget\" data-e-type=\"widget\" data-widget_type=\"heading.default\">\n\t\t\t\t<div class=\"elementor-widget-container\">\n\t\t\t\t\t<h3 class=\"elementor-heading-title elementor-size-default\">OPORTUNIDADES CORPORATIVAS Y DE OFICINAS\n(Privtae Label + Fabricaci\u00f3n por contrato)<\/h3>\t\t\t\t<\/div>\n\t\t\t\t<\/div>\n\t\t\t\t<div class=\"elementor-element elementor-element-fa52447 color-scheme-inherit text-left elementor-widget elementor-widget-text-editor\" data-id=\"fa52447\" data-element_type=\"widget\" data-e-type=\"widget\" data-widget_type=\"text-editor.default\">\n\t\t\t\t<div class=\"elementor-widget-container\">\n\t\t\t\t\t\t\t\t\t<ul class=\"font_7\"><li><p class=\"font_7\">Office Manager<\/p><\/li><li><p class=\"font_7\">Human Resource Generalist \/ Human Resource Assistant<\/p><\/li><li><p class=\"font_7\">Marketing Manager \/ Marketing Specialist \/ Marketing Assistant<\/p><\/li><li><p class=\"font_7\">Graphic \/ Creative Digital Content Designer<\/p><\/li><li><p class=\"font_7\">Customer Success Advisor (Outside Sales)<\/p><\/li><li><p class=\"font_7\">Front Office Receptionist<\/p><\/li><li><p class=\"font_7\">Customer Support Lead \/ Customer Support Specialist (Inside Sales)<\/p><\/li><li><p class=\"font_7\">Purchasing Agent<\/p><\/li><li><p class=\"font_7\">Bookkeeper \/ Accountant<\/p><\/li><li><p class=\"font_7\">Accounting Auditor \/ Forecasting Specialist (6-9 Month Contract)<\/p><\/li><\/ul>\t\t\t\t\t\t\t\t<\/div>\n\t\t\t\t<\/div>\n\t\t\t\t\t<\/div>\n\t\t<\/div>\n\t\t\t\t\t<\/div>\n\t\t<\/section>\n\t\t\t\t<section class=\"elementor-section elementor-top-section elementor-element elementor-element-fdc71a8 elementor-section-boxed elementor-section-height-default elementor-section-height-default\" data-id=\"fdc71a8\" data-element_type=\"section\" data-e-type=\"section\">\n\t\t\t\t\t\t<div class=\"elementor-container elementor-column-gap-default\">\n\t\t\t\t\t<div class=\"elementor-column elementor-col-100 elementor-top-column elementor-element elementor-element-2410da9\" data-id=\"2410da9\" data-element_type=\"column\" data-e-type=\"column\">\n\t\t\t<div class=\"elementor-widget-wrap elementor-element-populated\">\n\t\t\t\t\t\t<div class=\"elementor-element elementor-element-9b30ac8 elementor-widget elementor-widget-heading\" data-id=\"9b30ac8\" data-element_type=\"widget\" data-e-type=\"widget\" data-widget_type=\"heading.default\">\n\t\t\t\t<div class=\"elementor-widget-container\">\n\t\t\t\t\t<h3 class=\"elementor-heading-title elementor-size-default\">LABORATORIO<\/h3>\t\t\t\t<\/div>\n\t\t\t\t<\/div>\n\t\t\t\t<div class=\"elementor-element elementor-element-98104e4 color-scheme-inherit text-left elementor-widget elementor-widget-text-editor\" data-id=\"98104e4\" data-element_type=\"widget\" data-e-type=\"widget\" data-widget_type=\"text-editor.default\">\n\t\t\t\t<div class=\"elementor-widget-container\">\n\t\t\t\t\t\t\t\t\t<ul><li class=\"font_7\">Senior Cosmetics Chemist \/ Junior Cosmetics Chemist<\/li><li class=\"font_7\">Laboratory Technician \/ Laboratory Assistant<\/li><li style=\"list-style-type: none\">\u00a0<\/li><\/ul>\t\t\t\t\t\t\t\t<\/div>\n\t\t\t\t<\/div>\n\t\t\t\t\t<\/div>\n\t\t<\/div>\n\t\t\t\t\t<\/div>\n\t\t<\/section>\n\t\t\t\t<section class=\"elementor-section elementor-top-section elementor-element elementor-element-5d7947d elementor-section-boxed elementor-section-height-default elementor-section-height-default\" data-id=\"5d7947d\" data-element_type=\"section\" data-e-type=\"section\">\n\t\t\t\t\t\t<div class=\"elementor-container elementor-column-gap-default\">\n\t\t\t\t\t<div class=\"elementor-column elementor-col-100 elementor-top-column elementor-element elementor-element-c1acad6\" data-id=\"c1acad6\" data-element_type=\"column\" data-e-type=\"column\">\n\t\t\t<div class=\"elementor-widget-wrap elementor-element-populated\">\n\t\t\t\t\t\t<div class=\"elementor-element elementor-element-c538cab elementor-widget elementor-widget-heading\" data-id=\"c538cab\" data-element_type=\"widget\" data-e-type=\"widget\" data-widget_type=\"heading.default\">\n\t\t\t\t<div class=\"elementor-widget-container\">\n\t\t\t\t\t<h3 class=\"elementor-heading-title elementor-size-default\">ALMAC\u00c9N \/ MONTAJE + OPORTUNIDADES DE PRODUCCI\u00d3N<\/h3>\t\t\t\t<\/div>\n\t\t\t\t<\/div>\n\t\t\t\t<div class=\"elementor-element elementor-element-54fd38a color-scheme-inherit text-left elementor-widget elementor-widget-text-editor\" data-id=\"54fd38a\" data-element_type=\"widget\" data-e-type=\"widget\" data-widget_type=\"text-editor.default\">\n\t\t\t\t<div class=\"elementor-widget-container\">\n\t\t\t\t\t\t\t\t\t<ul><li><p class=\"font_7\">General Plant Manager<\/p><\/li><li><p class=\"font_7\">Research &amp; Development Manager<\/p><\/li><li><p class=\"font_7\">Production Planner \/ Scheduler<\/p><\/li><li><p class=\"font_7\">Production Supervisor<\/p><\/li><li><p class=\"font_7\">Electro Mechanical Technician<\/p><\/li><li><p class=\"font_7\">Plant Maintenance Manager \/ Plant Maintenance Technician<\/p><\/li><li><p class=\"font_7\">Janitorial Maintenance Associate<\/p><\/li><li><p class=\"font_7\">Facilities Handyman<\/p><\/li><li><p class=\"font_7\">Warehouse Lead \/ Warehouse Associate<\/p><\/li><li><p class=\"font_7\">Quality Control Inspector<\/p><\/li><li><p class=\"font_7\">Quality Assurance Technician \/ Receiving Standard Keeper<\/p><\/li><li><p class=\"font_7\">Machine Operator<\/p><\/li><li><p class=\"font_7\">Batching \/ Processor \/ Compounder<\/p><\/li><li><p class=\"font_7\">Color Technician<\/p><\/li><li><p class=\"font_7\">Assembly Line Leader \/ Assembly Line Associate<\/p><\/li><li><p class=\"font_7\">Powder Processor Technician<\/p><\/li><li><p class=\"font_7\">Order Processing Specialist<\/p><\/li><li><p class=\"font_7\">Mechanic \/ Mechanic Assistant<\/p><\/li><li><p class=\"font_7\">Machine (Equipment) Cleaner \/ Sanitizer<\/p><\/li><li><p class=\"font_7\">Inventory Manager \/ Inventory Data Entry Assistant<\/p><\/li><\/ul>\t\t\t\t\t\t\t\t<\/div>\n\t\t\t\t<\/div>\n\t\t\t\t\t<\/div>\n\t\t<\/div>\n\t\t\t\t\t<\/div>\n\t\t<\/section>\n\t\t\t\t<section class=\"elementor-section elementor-top-section elementor-element elementor-element-a1ca766 elementor-section-boxed elementor-section-height-default elementor-section-height-default\" data-id=\"a1ca766\" data-element_type=\"section\" data-e-type=\"section\">\n\t\t\t\t\t\t<div class=\"elementor-container elementor-column-gap-default\">\n\t\t\t\t\t<div class=\"elementor-column elementor-col-100 elementor-top-column elementor-element elementor-element-133b6eb\" data-id=\"133b6eb\" data-element_type=\"column\" data-e-type=\"column\">\n\t\t\t<div class=\"elementor-widget-wrap elementor-element-populated\">\n\t\t\t\t\t\t<div class=\"elementor-element elementor-element-2acddc6 color-scheme-inherit text-left elementor-widget elementor-widget-text-editor\" data-id=\"2acddc6\" data-element_type=\"widget\" data-e-type=\"widget\" data-widget_type=\"text-editor.default\">\n\t\t\t\t<div class=\"elementor-widget-container\">\n\t\t\t\t\t\t\t\t\t<p class=\"font_7\">Para obtener m\u00e1s informaci\u00f3n sobre c\u00f3mo puede unirse al equipo de Radical Cosmetics, env\u00edenos un correo electr\u00f3nico con su informaci\u00f3n de contacto a <a href=\"mailto:info@radicalcosmetics.com\" data-auto-recognition=\"true\">info@radicalcosmetics.com<\/a>&nbsp;y estaremos encantados de hacer un seguimiento con usted sobre las oportunidades actuales.<\/p>\n<p class=\"font_7\">Radical Cosmetics es una compa\u00f1\u00eda multicultural biling\u00fce que ofrece posiciones de trabajo para personas que hablan espa\u00f1ol y\/o ingl\u00e9s. Para m\u00e1s informaci\u00f3n, o si desea hablar con un miembro de nuestro equipo en espa\u00f1ol, por favor cont\u00e1ctenos al siguiente n\u00famero de tel\u00e9fono: 772-882-4511.<\/p>\t\t\t\t\t\t\t\t<\/div>\n\t\t\t\t<\/div>\n\t\t\t\t\t<\/div>\n\t\t<\/div>\n\t\t\t\t\t<\/div>\n\t\t<\/section>\n\t\t\t\t<\/div>","protected":false},"excerpt":{"rendered":"<p>Careers Looking for an exciting, fast-paced career in the beauty industry? At Radical Cosmetics, we strive to create an engaging<\/p>","protected":false},"author":1,"featured_media":0,"parent":0,"menu_order":0,"comment_status":"closed","ping_status":"closed","template":"","meta":{"om_disable_all_campaigns":false,"_monsterinsights_skip_tracking":false,"_monsterinsights_sitenote_active":false,"_monsterinsights_sitenote_note":"","_monsterinsights_sitenote_category":0,"_uf_show_specific_survey":0,"_uf_disable_surveys":false,"footnotes":""},"class_list":["post-352","page","type-page","status-publish","hentry"],"aioseo_notices":[],"jetpack_sharing_enabled":true,"_links":{"self":[{"href":"https:\/\/radicalcosmetics.com\/es\/wp-json\/wp\/v2\/pages\/352","targetHints":{"allow":["GET"]}}],"collection":[{"href":"https:\/\/radicalcosmetics.com\/es\/wp-json\/wp\/v2\/pages"}],"about":[{"href":"https:\/\/radicalcosmetics.com\/es\/wp-json\/wp\/v2\/types\/page"}],"author":[{"embeddable":true,"href":"https:\/\/radicalcosmetics.com\/es\/wp-json\/wp\/v2\/users\/1"}],"replies":[{"embeddable":true,"href":"https:\/\/radicalcosmetics.com\/es\/wp-json\/wp\/v2\/comments?post=352"}],"version-history":[{"count":0,"href":"https:\/\/radicalcosmetics.com\/es\/wp-json\/wp\/v2\/pages\/352\/revisions"}],"wp:attachment":[{"href":"https:\/\/radicalcosmetics.com\/es\/wp-json\/wp\/v2\/media?parent=352"}],"curies":[{"name":"wp","href":"https:\/\/api.w.org\/{rel}","templated":true}]}}