{"id":351,"date":"2022-02-03T15:49:02","date_gmt":"2022-02-03T20:49:02","guid":{"rendered":"https:\/\/radicalcosmetics.com\/?page_id=351"},"modified":"2025-02-05T18:31:39","modified_gmt":"2025-02-05T23:31:39","slug":"about-us","status":"publish","type":"page","link":"https:\/\/radicalcosmetics.com\/es\/about-us\/","title":{"rendered":"About Us"},"content":{"rendered":"<div data-elementor-type=\"wp-page\" data-elementor-id=\"351\" class=\"elementor elementor-351\" data-elementor-post-type=\"page\">\n\t\t\t\t\t\t<section class=\"elementor-section elementor-top-section elementor-element elementor-element-5f824a2 elementor-section-full_width elementor-section-height-min-height elementor-section-stretched elementor-section-height-default elementor-section-items-middle\" data-id=\"5f824a2\" data-element_type=\"section\" data-e-type=\"section\" data-settings=\"{&quot;stretch_section&quot;:&quot;section-stretched&quot;,&quot;background_background&quot;:&quot;classic&quot;}\">\n\t\t\t\t\t\t<div class=\"elementor-container elementor-column-gap-default\">\n\t\t\t\t\t<div class=\"elementor-column elementor-col-100 elementor-top-column elementor-element elementor-element-93eb613\" data-id=\"93eb613\" data-element_type=\"column\" data-e-type=\"column\">\n\t\t\t<div class=\"elementor-widget-wrap\">\n\t\t\t\t\t\t\t<\/div>\n\t\t<\/div>\n\t\t\t\t\t<\/div>\n\t\t<\/section>\n\t\t\t\t<section class=\"elementor-section elementor-top-section elementor-element elementor-element-85a135d elementor-section-boxed elementor-section-height-default elementor-section-height-default\" data-id=\"85a135d\" data-element_type=\"section\" data-e-type=\"section\">\n\t\t\t\t\t\t<div class=\"elementor-container elementor-column-gap-default\">\n\t\t\t\t\t<div class=\"elementor-column elementor-col-100 elementor-top-column elementor-element elementor-element-7c1fef0\" data-id=\"7c1fef0\" data-element_type=\"column\" data-e-type=\"column\">\n\t\t\t<div class=\"elementor-widget-wrap elementor-element-populated\">\n\t\t\t\t\t\t<div class=\"elementor-element elementor-element-46f9e38 elementor-widget elementor-widget-heading\" data-id=\"46f9e38\" data-element_type=\"widget\" data-e-type=\"widget\" data-widget_type=\"heading.default\">\n\t\t\t\t<div class=\"elementor-widget-container\">\n\t\t\t\t\t<h1 class=\"elementor-heading-title elementor-size-default\">About Us<\/h1>\t\t\t\t<\/div>\n\t\t\t\t<\/div>\n\t\t\t\t<div class=\"elementor-element elementor-element-6a003b7 color-scheme-inherit text-left elementor-widget elementor-widget-text-editor\" data-id=\"6a003b7\" data-element_type=\"widget\" data-e-type=\"widget\" data-widget_type=\"text-editor.default\">\n\t\t\t\t<div class=\"elementor-widget-container\">\n\t\t\t\t\t\t\t\t\t<p>Desde 2003, Radical Cosmetics ha sido un proveedor l\u00edder de soluciones de envasado, desarrollo y fabricaci\u00f3n por contrato para cosm\u00e9ticos de color y cuidado de la piel. Como empresa de propiedad y operaci\u00f3n familiar, nos tomamos el tiempo para conocer a nuestros clientes y sus necesidades espec\u00edficas. Todos los productos de Radical Cosmetics est\u00e1n ORGULLOSAMENTE HECHOS EN LOS EE. UU. en Fort Pierce, Florida.<\/p>\t\t\t\t\t\t\t\t<\/div>\n\t\t\t\t<\/div>\n\t\t\t\t<div class=\"elementor-element elementor-element-617dce7 color-scheme-inherit text-left elementor-widget elementor-widget-text-editor\" data-id=\"617dce7\" data-element_type=\"widget\" data-e-type=\"widget\" data-widget_type=\"text-editor.default\">\n\t\t\t\t<div class=\"elementor-widget-container\">\n\t\t\t\t\t\t\t\t\t<p>Nos enorgullecemos de estar a la vanguardia del movimiento de belleza limpia que se est\u00e1 produciendo actualmente en la industria cosm\u00e9tica de todo el mundo. El movimiento est\u00e1 creciendo exponencialmente y es gracias a las comunidades conscientes de la salud que se preocupan por nuestro futuro en general. Con ingredientes no t\u00f3xicos y etiquetado transparente, nuestro objetivo es difundir el conocimiento y las ofertas de alternativas seguras para la fabricaci\u00f3n de cosm\u00e9ticos.<\/p>\t\t\t\t\t\t\t\t<\/div>\n\t\t\t\t<\/div>\n\t\t\t\t\t<\/div>\n\t\t<\/div>\n\t\t\t\t\t<\/div>\n\t\t<\/section>\n\t\t\t\t<section class=\"elementor-section elementor-top-section elementor-element elementor-element-7a3ee48 elementor-section-boxed elementor-section-height-default elementor-section-height-default\" data-id=\"7a3ee48\" data-element_type=\"section\" data-e-type=\"section\">\n\t\t\t\t\t\t<div class=\"elementor-container elementor-column-gap-default\">\n\t\t\t\t\t<div class=\"elementor-column elementor-col-100 elementor-top-column elementor-element elementor-element-c8c6601\" data-id=\"c8c6601\" data-element_type=\"column\" data-e-type=\"column\">\n\t\t\t<div class=\"elementor-widget-wrap elementor-element-populated\">\n\t\t\t\t\t\t<div class=\"elementor-element elementor-element-b639160 elementor-widget elementor-widget-heading\" data-id=\"b639160\" data-element_type=\"widget\" data-e-type=\"widget\" data-widget_type=\"heading.default\">\n\t\t\t\t<div class=\"elementor-widget-container\">\n\t\t\t\t\t<h2 class=\"elementor-heading-title elementor-size-default\"><h4 class=\"font_4\" style=\"margin-bottom: 0px;background: transparent;font-style: normal;font-size: 30px;text-transform: none\">CARTA DEL CEO, FENTON BAIJNATH AT RADICAL COSMETICS, LLC.<\/h4><\/h2>\t\t\t\t<\/div>\n\t\t\t\t<\/div>\n\t\t\t\t<div class=\"elementor-element elementor-element-fa52447 color-scheme-inherit text-left elementor-widget elementor-widget-text-editor\" data-id=\"fa52447\" data-element_type=\"widget\" data-e-type=\"widget\" data-widget_type=\"text-editor.default\">\n\t\t\t\t<div class=\"elementor-widget-container\">\n\t\t\t\t\t\t\t\t\t<p>\u00a1Saludos desde el Estado del Sol!<\/p><p>We are so very excited to have you join our world of cosmetics, skincare, and beauty products. Our headquarters and manufacturing process takes place in beautiful Fort Pierce, Florida. Between our private label division and contract manufacturing, we stay quite busy. Since 2003 we&#8217;ve been doing what we love and are very proud of what we&#8217;ve accomplished thus far. There&#8217;s much more ahead and that&#8217;s what motivates us down the path of continuous improvement and growth.<\/p><p>Along with our new private label product launches this year, our team is also working very hard in redefining our website for a much more efficient experience for our new clients looking to enter the beauty industry. We now have a one-stop shopping cart, featuring some of our most popular private label products. For the first time in company history, we have launched a multi-digital social media presence for our customers, collaborators, and associates to engage on the latest happenings within Radical Cosmetics. It&#8217;s not all hard work in the manufacturing side of cosmetics, we actually have quite a bit of fun as well. We&#8217;re excited to share our site of the process with you.<\/p><p>As we roll out our new online presence, the team is ecstatic to show the products and services we&#8217;ve been providing around the world for over nineteen years. We incorporate the best of science and nature, state-of-the-art technology, and advanced scientific formulations.\u00a0<\/p><p>\u00a1Por el amor y el entusiasmo de hacer cosm\u00e9ticos, estamos deseando conectarnos y compartir nuestra pasi\u00f3n!<\/p>\t\t\t\t\t\t\t\t<\/div>\n\t\t\t\t<\/div>\n\t\t\t\t\t<\/div>\n\t\t<\/div>\n\t\t\t\t\t<\/div>\n\t\t<\/section>\n\t\t\t\t<section class=\"elementor-section elementor-top-section elementor-element elementor-element-98b84ef elementor-section-boxed elementor-section-height-default elementor-section-height-default\" data-id=\"98b84ef\" data-element_type=\"section\" data-e-type=\"section\">\n\t\t\t\t\t\t<div class=\"elementor-container elementor-column-gap-default\">\n\t\t\t\t\t<div class=\"elementor-column elementor-col-100 elementor-top-column elementor-element elementor-element-eac58fb\" data-id=\"eac58fb\" data-element_type=\"column\" data-e-type=\"column\">\n\t\t\t<div class=\"elementor-widget-wrap elementor-element-populated\">\n\t\t\t\t\t\t<div class=\"elementor-element elementor-element-afbc856 animated-slow elementor-invisible elementor-widget elementor-widget-wd_image_or_svg\" data-id=\"afbc856\" data-element_type=\"widget\" data-e-type=\"widget\" data-settings=\"{&quot;_animation&quot;:&quot;slideInUp&quot;,&quot;_animation_delay&quot;:0}\" data-widget_type=\"wd_image_or_svg.default\">\n\t\t\t\t<div class=\"elementor-widget-container\">\n\t\t\t\t\t\n\t\t<div class=\"wd-image text-center\">\n\t\t\t\t\t\t\t\t<img fetchpriority=\"high\" decoding=\"async\" width=\"950\" height=\"341\" src=\"https:\/\/radicalcosmetics.com\/wp-content\/uploads\/2022\/03\/Founder-radical-cosmetics-950x341.jpg\" class=\"attachment-950x size-950x\" alt=\"Fenton Baijnath, Founder &amp; CEO of Radical Cosmetics, standing confidently in the company&#039;s modern, sleek office. Fenton is dressed in a sharp business suit, exuding professionalism and leadership. The background features a clean, minimalist design with the Radical Cosmetics logo subtly visible on the wall. The lighting is bright and professional, showcasing a polished environment that reflects the company\u2019s commitment to high-quality beauty products. Fenton\u2019s focused expression emphasizes his dedication to innovation and sustainable practices within the cosmetics industry. Radical Cosmetics is known for its expertise in clean beauty, offering high-performance, non-toxic, cruelty-free, and ethically sourced cosmetic and skincare solutions. The photo highlights the leadership behind the brand, focused on providing transparent, effective products with a commitment to sustainability and clean ingredients.\" srcset=\"https:\/\/radicalcosmetics.com\/wp-content\/uploads\/2022\/03\/Founder-radical-cosmetics-950x341.jpg 950w, https:\/\/radicalcosmetics.com\/wp-content\/uploads\/2022\/03\/Founder-radical-cosmetics-150x54.jpg 150w, https:\/\/radicalcosmetics.com\/wp-content\/uploads\/2022\/03\/Founder-radical-cosmetics-600x215.jpg 600w, https:\/\/radicalcosmetics.com\/wp-content\/uploads\/2022\/03\/Founder-radical-cosmetics-300x108.jpg 300w, https:\/\/radicalcosmetics.com\/wp-content\/uploads\/2022\/03\/Founder-radical-cosmetics-1024x367.jpg 1024w, https:\/\/radicalcosmetics.com\/wp-content\/uploads\/2022\/03\/Founder-radical-cosmetics-768x275.jpg 768w, https:\/\/radicalcosmetics.com\/wp-content\/uploads\/2022\/03\/Founder-radical-cosmetics.jpg 1300w\" sizes=\"(max-width: 950px) 100vw, 950px\" \/>\t\t\t\t\t<\/div>\n\n\t\t\t\t\t\t<\/div>\n\t\t\t\t<\/div>\n\t\t\t\t\t<\/div>\n\t\t<\/div>\n\t\t\t\t\t<\/div>\n\t\t<\/section>\n\t\t\t\t<\/div>","protected":false},"excerpt":{"rendered":"<p>About Us Since 2003, Radical Cosmetics has been a leading provider of color cosmetics and skin care contract manufacturing, development<\/p>","protected":false},"author":1,"featured_media":0,"parent":0,"menu_order":0,"comment_status":"closed","ping_status":"closed","template":"","meta":{"om_disable_all_campaigns":false,"_monsterinsights_skip_tracking":false,"_monsterinsights_sitenote_active":false,"_monsterinsights_sitenote_note":"","_monsterinsights_sitenote_category":0,"_uf_show_specific_survey":0,"_uf_disable_surveys":false,"footnotes":""},"class_list":["post-351","page","type-page","status-publish","hentry"],"aioseo_notices":[],"jetpack_sharing_enabled":true,"_links":{"self":[{"href":"https:\/\/radicalcosmetics.com\/es\/wp-json\/wp\/v2\/pages\/351","targetHints":{"allow":["GET"]}}],"collection":[{"href":"https:\/\/radicalcosmetics.com\/es\/wp-json\/wp\/v2\/pages"}],"about":[{"href":"https:\/\/radicalcosmetics.com\/es\/wp-json\/wp\/v2\/types\/page"}],"author":[{"embeddable":true,"href":"https:\/\/radicalcosmetics.com\/es\/wp-json\/wp\/v2\/users\/1"}],"replies":[{"embeddable":true,"href":"https:\/\/radicalcosmetics.com\/es\/wp-json\/wp\/v2\/comments?post=351"}],"version-history":[{"count":0,"href":"https:\/\/radicalcosmetics.com\/es\/wp-json\/wp\/v2\/pages\/351\/revisions"}],"wp:attachment":[{"href":"https:\/\/radicalcosmetics.com\/es\/wp-json\/wp\/v2\/media?parent=351"}],"curies":[{"name":"wp","href":"https:\/\/api.w.org\/{rel}","templated":true}]}}