{"id":303,"date":"2022-02-03T10:59:21","date_gmt":"2022-02-03T15:59:21","guid":{"rendered":"https:\/\/radicalcosmetics.com\/?page_id=303"},"modified":"2025-06-12T14:21:25","modified_gmt":"2025-06-12T19:21:25","slug":"contract-manufacturing","status":"publish","type":"page","link":"https:\/\/radicalcosmetics.com\/es\/contract-manufacturing\/","title":{"rendered":"Fabricacion"},"content":{"rendered":"<div data-elementor-type=\"wp-page\" data-elementor-id=\"303\" class=\"elementor elementor-303\" data-elementor-post-type=\"page\">\n\t\t\t\t\t\t<section class=\"elementor-section elementor-top-section elementor-element elementor-element-5f824a2 elementor-section-full_width elementor-section-height-min-height elementor-section-stretched elementor-section-height-default elementor-section-items-middle\" data-id=\"5f824a2\" data-element_type=\"section\" data-e-type=\"section\" data-settings=\"{&quot;stretch_section&quot;:&quot;section-stretched&quot;,&quot;background_background&quot;:&quot;classic&quot;}\">\n\t\t\t\t\t\t<div class=\"elementor-container elementor-column-gap-default\">\n\t\t\t\t\t<div class=\"elementor-column elementor-col-100 elementor-top-column elementor-element elementor-element-93eb613\" data-id=\"93eb613\" data-element_type=\"column\" data-e-type=\"column\">\n\t\t\t<div class=\"elementor-widget-wrap\">\n\t\t\t\t\t\t\t<\/div>\n\t\t<\/div>\n\t\t\t\t\t<\/div>\n\t\t<\/section>\n\t\t\t\t<section class=\"elementor-section elementor-top-section elementor-element elementor-element-85a135d elementor-section-boxed elementor-section-height-default elementor-section-height-default\" data-id=\"85a135d\" data-element_type=\"section\" data-e-type=\"section\">\n\t\t\t\t\t\t<div class=\"elementor-container elementor-column-gap-default\">\n\t\t\t\t\t<div class=\"elementor-column elementor-col-100 elementor-top-column elementor-element elementor-element-7c1fef0\" data-id=\"7c1fef0\" data-element_type=\"column\" data-e-type=\"column\">\n\t\t\t<div class=\"elementor-widget-wrap elementor-element-populated\">\n\t\t\t\t\t\t<div class=\"elementor-element elementor-element-46f9e38 elementor-widget elementor-widget-heading\" data-id=\"46f9e38\" data-element_type=\"widget\" data-e-type=\"widget\" data-widget_type=\"heading.default\">\n\t\t\t\t<div class=\"elementor-widget-container\">\n\t\t\t\t\t<h1 class=\"elementor-heading-title elementor-size-default\">Contract Manufacturing for Color Cosmetic Products<\/h1>\t\t\t\t<\/div>\n\t\t\t\t<\/div>\n\t\t\t\t<div class=\"elementor-element elementor-element-6a003b7 color-scheme-inherit text-left elementor-widget elementor-widget-text-editor\" data-id=\"6a003b7\" data-element_type=\"widget\" data-e-type=\"widget\" data-widget_type=\"text-editor.default\">\n\t\t\t\t<div class=\"elementor-widget-container\">\n\t\t\t\t\t\t\t\t\t<p>Radical Cosmetics offers cosmetic contract manufacturing services worldwide. \u00a0We are recognized as one of the premier cosmetic contract manufacturers of pressed powders in the U.S. and in addition, are a bulk cosmetic supplier of a variety of other cosmetic and beauty products. We incorporate the best of science and nature through our use of natural and organic ingredients, state-of-the-art technology, and advanced scientific formulations.<\/p>\t\t\t\t\t\t\t\t<\/div>\n\t\t\t\t<\/div>\n\t\t\t\t<div class=\"elementor-element elementor-element-617dce7 color-scheme-inherit text-left elementor-widget elementor-widget-text-editor\" data-id=\"617dce7\" data-element_type=\"widget\" data-e-type=\"widget\" data-widget_type=\"text-editor.default\">\n\t\t\t\t<div class=\"elementor-widget-container\">\n\t\t\t\t\t\t\t\t\t<p>Our approach to the business is unique; we take on the challenges our competitors cannot or will not handle. Do you have a formula no one else can match? An unusual filling requirement? Is your order quantity too low? &#8211; We welcome the challenge!\u00a0<\/p>\t\t\t\t\t\t\t\t<\/div>\n\t\t\t\t<\/div>\n\t\t\t\t<div class=\"elementor-element elementor-element-d79d22c color-scheme-inherit text-left elementor-widget elementor-widget-text-editor\" data-id=\"d79d22c\" data-element_type=\"widget\" data-e-type=\"widget\" data-widget_type=\"text-editor.default\">\n\t\t\t\t<div class=\"elementor-widget-container\">\n\t\t\t\t\t\t\t\t\t<p>Nuestro equipo de especialistas en fabricaci\u00f3n por contrato de cosm\u00e9ticos est\u00e1 equipado con una amplia experiencia en muchas facetas de la industria cosm\u00e9tica para ayudar a resolver cualquier problema. Qu\u00edmicos, especialistas en desarrollo de productos e ingenieros de empaque trabajan uno a uno con cada cliente para crear productos que incorporen solo los mejores ingredientes. Ofrecemos colores vanguardistas, conocemos las \u00faltimas tendencias y utilizamos las materias primas m\u00e1s nuevas y naturales.<\/p>\t\t\t\t\t\t\t\t<\/div>\n\t\t\t\t<\/div>\n\t\t\t\t\t<\/div>\n\t\t<\/div>\n\t\t\t\t\t<\/div>\n\t\t<\/section>\n\t\t\t\t<section class=\"elementor-section elementor-top-section elementor-element elementor-element-09dfa27 elementor-section-boxed elementor-section-height-default elementor-section-height-default\" data-id=\"09dfa27\" data-element_type=\"section\" data-e-type=\"section\">\n\t\t\t\t\t\t<div class=\"elementor-container elementor-column-gap-default\">\n\t\t\t\t\t<div class=\"elementor-column elementor-col-100 elementor-top-column elementor-element elementor-element-ccb0be4\" data-id=\"ccb0be4\" data-element_type=\"column\" data-e-type=\"column\">\n\t\t\t<div class=\"elementor-widget-wrap elementor-element-populated\">\n\t\t\t\t\t\t<div class=\"elementor-element elementor-element-0f70659 elementor-widget elementor-widget-heading\" data-id=\"0f70659\" data-element_type=\"widget\" data-e-type=\"widget\" data-widget_type=\"heading.default\">\n\t\t\t\t<div class=\"elementor-widget-container\">\n\t\t\t\t\t<h2 class=\"elementor-heading-title elementor-size-default\">Servicios<\/h2>\t\t\t\t<\/div>\n\t\t\t\t<\/div>\n\t\t\t\t<div class=\"elementor-element elementor-element-5f22466 color-scheme-inherit text-left elementor-widget elementor-widget-text-editor\" data-id=\"5f22466\" data-element_type=\"widget\" data-e-type=\"widget\" data-widget_type=\"text-editor.default\">\n\t\t\t\t<div class=\"elementor-widget-container\">\n\t\t\t\t\t\t\t\t\t<p>La fabricaci\u00f3n de cosm\u00e9ticos por contrato de Radical ofrece una amplia variedad de servicios que incluyen:<\/p>\t\t\t\t\t\t\t\t<\/div>\n\t\t\t\t<\/div>\n\t\t\t\t<section class=\"elementor-section elementor-inner-section elementor-element elementor-element-7b729ac elementor-section-boxed elementor-section-height-default elementor-section-height-default\" data-id=\"7b729ac\" data-element_type=\"section\" data-e-type=\"section\">\n\t\t\t\t\t\t<div class=\"elementor-container elementor-column-gap-default\">\n\t\t\t\t\t<div class=\"elementor-column elementor-col-25 elementor-inner-column elementor-element elementor-element-4800c88\" data-id=\"4800c88\" data-element_type=\"column\" data-e-type=\"column\">\n\t\t\t<div class=\"elementor-widget-wrap elementor-element-populated\">\n\t\t\t\t\t\t<div class=\"elementor-element elementor-element-dbe0392 elementor-position-top elementor-widget elementor-widget-image-box\" data-id=\"dbe0392\" data-element_type=\"widget\" data-e-type=\"widget\" data-widget_type=\"image-box.default\">\n\t\t\t\t<div class=\"elementor-widget-container\">\n\t\t\t\t\t<div class=\"elementor-image-box-wrapper\"><figure class=\"elementor-image-box-img\"><img fetchpriority=\"high\" decoding=\"async\" width=\"975\" height=\"975\" src=\"https:\/\/radicalcosmetics.com\/wp-content\/uploads\/2022\/02\/Cosmetic-Product-Development-1.jpg\" class=\"attachment-full size-full wp-image-1496\" alt=\"Lab technician in a white coat inspecting cosmetic product during research and development for Radical Cosmetics, a luxury private label and white label manufacturer specializing in high-quality, custom beauty products.\" srcset=\"https:\/\/radicalcosmetics.com\/wp-content\/uploads\/2022\/02\/Cosmetic-Product-Development-1.jpg 975w, https:\/\/radicalcosmetics.com\/wp-content\/uploads\/2022\/02\/Cosmetic-Product-Development-1-300x300.jpg 300w, https:\/\/radicalcosmetics.com\/wp-content\/uploads\/2022\/02\/Cosmetic-Product-Development-1-150x150.jpg 150w, https:\/\/radicalcosmetics.com\/wp-content\/uploads\/2022\/02\/Cosmetic-Product-Development-1-600x600.jpg 600w, https:\/\/radicalcosmetics.com\/wp-content\/uploads\/2022\/02\/Cosmetic-Product-Development-1-768x768.jpg 768w\" sizes=\"(max-width: 975px) 100vw, 975px\" \/><\/figure><div class=\"elementor-image-box-content\"><h3 class=\"elementor-image-box-title\">Cosmetic Product Development &amp; Formulation<\/h3><\/div><\/div>\t\t\t\t<\/div>\n\t\t\t\t<\/div>\n\t\t\t\t\t<\/div>\n\t\t<\/div>\n\t\t\t\t<div class=\"elementor-column elementor-col-25 elementor-inner-column elementor-element elementor-element-8206584\" data-id=\"8206584\" data-element_type=\"column\" data-e-type=\"column\">\n\t\t\t<div class=\"elementor-widget-wrap elementor-element-populated\">\n\t\t\t\t\t\t<div class=\"elementor-element elementor-element-6922df5 elementor-position-top elementor-widget elementor-widget-image-box\" data-id=\"6922df5\" data-element_type=\"widget\" data-e-type=\"widget\" data-widget_type=\"image-box.default\">\n\t\t\t\t<div class=\"elementor-widget-container\">\n\t\t\t\t\t<div class=\"elementor-image-box-wrapper\"><figure class=\"elementor-image-box-img\"><img decoding=\"async\" width=\"650\" height=\"650\" src=\"https:\/\/radicalcosmetics.com\/wp-content\/uploads\/2022\/02\/Contract-manufacturing-products.jpg\" class=\"attachment-full size-full wp-image-1310\" alt=\"Business owner and customer development specialist at Radical Cosmetics reviewing a business development plan. Discussing strategies for brand building, partnership, and customer success in the private label cosmetics industry. Focusing on luxury, clean beauty, organic, vegan, and cruelty-free formulations for white label and contract manufacturing.\" srcset=\"https:\/\/radicalcosmetics.com\/wp-content\/uploads\/2022\/02\/Contract-manufacturing-products.jpg 650w, https:\/\/radicalcosmetics.com\/wp-content\/uploads\/2022\/02\/Contract-manufacturing-products-300x300.jpg 300w, https:\/\/radicalcosmetics.com\/wp-content\/uploads\/2022\/02\/Contract-manufacturing-products-150x150.jpg 150w, https:\/\/radicalcosmetics.com\/wp-content\/uploads\/2022\/02\/Contract-manufacturing-products-600x600.jpg 600w\" sizes=\"(max-width: 650px) 100vw, 650px\" \/><\/figure><div class=\"elementor-image-box-content\"><h3 class=\"elementor-image-box-title\">Fabricacion de productos por contrato.<\/h3><\/div><\/div>\t\t\t\t<\/div>\n\t\t\t\t<\/div>\n\t\t\t\t\t<\/div>\n\t\t<\/div>\n\t\t\t\t<div class=\"elementor-column elementor-col-25 elementor-inner-column elementor-element elementor-element-1b6fac6\" data-id=\"1b6fac6\" data-element_type=\"column\" data-e-type=\"column\">\n\t\t\t<div class=\"elementor-widget-wrap elementor-element-populated\">\n\t\t\t\t\t\t<div class=\"elementor-element elementor-element-bd6a279 elementor-position-top elementor-widget elementor-widget-image-box\" data-id=\"bd6a279\" data-element_type=\"widget\" data-e-type=\"widget\" data-widget_type=\"image-box.default\">\n\t\t\t\t<div class=\"elementor-widget-container\">\n\t\t\t\t\t<div class=\"elementor-image-box-wrapper\"><figure class=\"elementor-image-box-img\"><img decoding=\"async\" width=\"650\" height=\"650\" src=\"https:\/\/radicalcosmetics.com\/wp-content\/uploads\/2022\/02\/Mineral-Cosmetics.jpg\" class=\"attachment-full size-full wp-image-1311\" alt=\"Mineral makeup developed by Radical Cosmetics, designed for sensitive skin with non-comedogenic, anti-inflammatory, and hypoallergenic properties. Perfect for private label cosmetics, luxury white label products, and contract manufacturing. Made with organic, vegan, and cruelty-free ingredients to reduce acne, rosacea, and redness for clean beauty brands.\" srcset=\"https:\/\/radicalcosmetics.com\/wp-content\/uploads\/2022\/02\/Mineral-Cosmetics.jpg 650w, https:\/\/radicalcosmetics.com\/wp-content\/uploads\/2022\/02\/Mineral-Cosmetics-300x300.jpg 300w, https:\/\/radicalcosmetics.com\/wp-content\/uploads\/2022\/02\/Mineral-Cosmetics-150x150.jpg 150w, https:\/\/radicalcosmetics.com\/wp-content\/uploads\/2022\/02\/Mineral-Cosmetics-600x600.jpg 600w\" sizes=\"(max-width: 650px) 100vw, 650px\" \/><\/figure><div class=\"elementor-image-box-content\"><h3 class=\"elementor-image-box-title\">Maquillaje Mineral<\/h3><\/div><\/div>\t\t\t\t<\/div>\n\t\t\t\t<\/div>\n\t\t\t\t\t<\/div>\n\t\t<\/div>\n\t\t\t\t<div class=\"elementor-column elementor-col-25 elementor-inner-column elementor-element elementor-element-bcfe225\" data-id=\"bcfe225\" data-element_type=\"column\" data-e-type=\"column\">\n\t\t\t<div class=\"elementor-widget-wrap elementor-element-populated\">\n\t\t\t\t\t\t<div class=\"elementor-element elementor-element-41c7b80 elementor-position-top elementor-widget elementor-widget-image-box\" data-id=\"41c7b80\" data-element_type=\"widget\" data-e-type=\"widget\" data-widget_type=\"image-box.default\">\n\t\t\t\t<div class=\"elementor-widget-container\">\n\t\t\t\t\t<div class=\"elementor-image-box-wrapper\"><figure class=\"elementor-image-box-img\"><img loading=\"lazy\" decoding=\"async\" width=\"650\" height=\"650\" src=\"https:\/\/radicalcosmetics.com\/wp-content\/uploads\/2022\/02\/Warehouse.jpg\" class=\"attachment-full size-full wp-image-1409\" alt=\"Radical Cosmetics\u2019 warehouse, where high-quality private label and white label cosmetics are manufactured. A facility dedicated to producing luxury, organic, vegan, and cruelty-free products. Supporting business owners in brand building and business development with expert customer support, partnership, and contract manufacturing services.\" srcset=\"https:\/\/radicalcosmetics.com\/wp-content\/uploads\/2022\/02\/Warehouse.jpg 650w, https:\/\/radicalcosmetics.com\/wp-content\/uploads\/2022\/02\/Warehouse-300x300.jpg 300w, https:\/\/radicalcosmetics.com\/wp-content\/uploads\/2022\/02\/Warehouse-150x150.jpg 150w, https:\/\/radicalcosmetics.com\/wp-content\/uploads\/2022\/02\/Warehouse-600x600.jpg 600w\" sizes=\"(max-width: 650px) 100vw, 650px\" \/><\/figure><div class=\"elementor-image-box-content\"><h3 class=\"elementor-image-box-title\">Cosmetic Filling<\/h3><\/div><\/div>\t\t\t\t<\/div>\n\t\t\t\t<\/div>\n\t\t\t\t\t<\/div>\n\t\t<\/div>\n\t\t\t\t\t<\/div>\n\t\t<\/section>\n\t\t\t\t\t<\/div>\n\t\t<\/div>\n\t\t\t\t\t<\/div>\n\t\t<\/section>\n\t\t\t\t<section class=\"elementor-section elementor-top-section elementor-element elementor-element-7a3ee48 elementor-section-boxed elementor-section-height-default elementor-section-height-default\" data-id=\"7a3ee48\" data-element_type=\"section\" data-e-type=\"section\">\n\t\t\t\t\t\t<div class=\"elementor-container elementor-column-gap-default\">\n\t\t\t\t\t<div class=\"elementor-column elementor-col-100 elementor-top-column elementor-element elementor-element-c8c6601\" data-id=\"c8c6601\" data-element_type=\"column\" data-e-type=\"column\">\n\t\t\t<div class=\"elementor-widget-wrap elementor-element-populated\">\n\t\t\t\t\t\t<div class=\"elementor-element elementor-element-b639160 elementor-widget elementor-widget-heading\" data-id=\"b639160\" data-element_type=\"widget\" data-e-type=\"widget\" data-widget_type=\"heading.default\">\n\t\t\t\t<div class=\"elementor-widget-container\">\n\t\t\t\t\t<h2 class=\"elementor-heading-title elementor-size-default\">Desarrollo y Formulaci\u00f3n de Productos Cosm\u00e9ticos.<\/h2>\t\t\t\t<\/div>\n\t\t\t\t<\/div>\n\t\t\t\t<div class=\"elementor-element elementor-element-fa52447 color-scheme-inherit text-left elementor-widget elementor-widget-text-editor\" data-id=\"fa52447\" data-element_type=\"widget\" data-e-type=\"widget\" data-widget_type=\"text-editor.default\">\n\t\t\t\t<div class=\"elementor-widget-container\">\n\t\t\t\t\t\t\t\t\t<p>We can manufacture cosmetic products in bulk according to our clients\u2019 existing formulations, offer our own well-tested cosmetic formulations or help a client create their own unique formula. Clients may also choose to use our expert color matching services. No matter what a client\u2019s cosmetic manufacturing requirements may be, Radical can produce cosmetic products with a focus on quality ingredients.<\/p>\t\t\t\t\t\t\t\t<\/div>\n\t\t\t\t<\/div>\n\t\t\t\t\t<\/div>\n\t\t<\/div>\n\t\t\t\t\t<\/div>\n\t\t<\/section>\n\t\t\t\t<section class=\"elementor-section elementor-top-section elementor-element elementor-element-47df5b2 elementor-section-boxed elementor-section-height-default elementor-section-height-default\" data-id=\"47df5b2\" data-element_type=\"section\" data-e-type=\"section\">\n\t\t\t\t\t\t<div class=\"elementor-container elementor-column-gap-default\">\n\t\t\t\t\t<div class=\"elementor-column elementor-col-100 elementor-top-column elementor-element elementor-element-47367c7\" data-id=\"47367c7\" data-element_type=\"column\" data-e-type=\"column\">\n\t\t\t<div class=\"elementor-widget-wrap elementor-element-populated\">\n\t\t\t\t\t\t<div class=\"elementor-element elementor-element-931bf12 elementor-widget elementor-widget-heading\" data-id=\"931bf12\" data-element_type=\"widget\" data-e-type=\"widget\" data-widget_type=\"heading.default\">\n\t\t\t\t<div class=\"elementor-widget-container\">\n\t\t\t\t\t<h2 class=\"elementor-heading-title elementor-size-default\">Fabricacion de productos por contrato.<\/h2>\t\t\t\t<\/div>\n\t\t\t\t<\/div>\n\t\t\t\t<div class=\"elementor-element elementor-element-f554924 color-scheme-inherit text-left elementor-widget elementor-widget-text-editor\" data-id=\"f554924\" data-element_type=\"widget\" data-e-type=\"widget\" data-widget_type=\"text-editor.default\">\n\t\t\t\t<div class=\"elementor-widget-container\">\n\t\t\t\t\t\t\t\t\t<p>Ofrecemos fabricaci\u00f3n a granel para los siguientes productos cosm\u00e9ticos y para el cuidado de la piel:<\/p>\t\t\t\t\t\t\t\t<\/div>\n\t\t\t\t<\/div>\n\t\t\t\t<section class=\"elementor-section elementor-inner-section elementor-element elementor-element-37708ea elementor-section-boxed elementor-section-height-default elementor-section-height-default\" data-id=\"37708ea\" data-element_type=\"section\" data-e-type=\"section\">\n\t\t\t\t\t\t<div class=\"elementor-container elementor-column-gap-default\">\n\t\t\t\t\t<div class=\"elementor-column elementor-col-50 elementor-inner-column elementor-element elementor-element-958d1f0\" data-id=\"958d1f0\" data-element_type=\"column\" data-e-type=\"column\">\n\t\t\t<div class=\"elementor-widget-wrap elementor-element-populated\">\n\t\t\t\t\t\t<div class=\"elementor-element elementor-element-ef87d29 color-scheme-inherit text-left elementor-widget elementor-widget-text-editor\" data-id=\"ef87d29\" data-element_type=\"widget\" data-e-type=\"widget\" data-widget_type=\"text-editor.default\">\n\t\t\t\t<div class=\"elementor-widget-container\">\n\t\t\t\t\t\t\t\t\t<ul><li class=\"font_7\">Blush (Pressed and Loose)<\/li><li>Body Butter<\/li><li>Body Lotion<\/li><li class=\"font_7\">Bronzer (Pressed and Loose)<\/li><li class=\"font_7\">Cheek Stain<\/li><li class=\"font_7\">Concealer (Liquid, Pot and Stick)<\/li><li>Contour (Pressed, Liquid and Stick)<\/li><li class=\"font_7\">Cream-to-powder foundation<\/li><li>Essential Oils<\/li><li>Eye Cream<\/li><li class=\"font_7\">Eyebrow (Gel, Pencil, Powder)<\/li><li class=\"font_7\">Eyeliner (Gel and Pencil)<\/li><li class=\"font_7\">Eyeshadow (Cream, Pressed and Loose)<\/li><li>Face Cream<\/li><li>Face Masks<\/li><li>Face Moisturizer<\/li><li>Face Wash<\/li><\/ul>\t\t\t\t\t\t\t\t<\/div>\n\t\t\t\t<\/div>\n\t\t\t\t\t<\/div>\n\t\t<\/div>\n\t\t\t\t<div class=\"elementor-column elementor-col-50 elementor-inner-column elementor-element elementor-element-25dceac\" data-id=\"25dceac\" data-element_type=\"column\" data-e-type=\"column\">\n\t\t\t<div class=\"elementor-widget-wrap elementor-element-populated\">\n\t\t\t\t\t\t<div class=\"elementor-element elementor-element-cb97637 color-scheme-inherit text-left elementor-widget elementor-widget-text-editor\" data-id=\"cb97637\" data-element_type=\"widget\" data-e-type=\"widget\" data-widget_type=\"text-editor.default\">\n\t\t\t\t<div class=\"elementor-widget-container\">\n\t\t\t\t\t\t\t\t\t<ul><li class=\"font_7\">Finishing powder (Pressed and Loose)<\/li><li class=\"font_7\">Foundation (Pressed, Loose, and Liquid)<\/li><li>Hair Powders<\/li><li>Hair &amp; Beard Oil<\/li><li class=\"font_7\">Lip Balm<\/li><li class=\"font_7\">Lip Gloss<\/li><li class=\"font_7\">Lip Liner Pencil<\/li><li class=\"font_7\">Lipstick<\/li><li class=\"font_7\">Lip Stain<\/li><li class=\"font_7\">Liquid Eyeshadow<\/li><li class=\"font_7\">Liquid Lipstick<\/li><li class=\"font_7\">Highlighter (Liquid, Cream and Pressed)<\/li><li class=\"font_7\">Mascara<\/li><li>Massage Oil<\/li><li class=\"font_7\">Primer<\/li><li>Serums<\/li><li>Sugar Scrubs<\/li><\/ul>\t\t\t\t\t\t\t\t<\/div>\n\t\t\t\t<\/div>\n\t\t\t\t\t<\/div>\n\t\t<\/div>\n\t\t\t\t\t<\/div>\n\t\t<\/section>\n\t\t\t\t<div class=\"elementor-element elementor-element-4b8c2f3 color-scheme-inherit text-left elementor-widget elementor-widget-text-editor\" data-id=\"4b8c2f3\" data-element_type=\"widget\" data-e-type=\"widget\" data-widget_type=\"text-editor.default\">\n\t\t\t\t<div class=\"elementor-widget-container\">\n\t\t\t\t\t\t\t\t\t<p><em>Don&#8217;t see what you&#8217;re looking for? Just ask!\u00a0<\/em><\/p>\t\t\t\t\t\t\t\t<\/div>\n\t\t\t\t<\/div>\n\t\t\t\t\t<\/div>\n\t\t<\/div>\n\t\t\t\t\t<\/div>\n\t\t<\/section>\n\t\t\t\t<section class=\"elementor-section elementor-top-section elementor-element elementor-element-bd35ffd elementor-section-boxed elementor-section-height-default elementor-section-height-default\" data-id=\"bd35ffd\" data-element_type=\"section\" data-e-type=\"section\">\n\t\t\t\t\t\t<div class=\"elementor-container elementor-column-gap-default\">\n\t\t\t\t\t<div class=\"elementor-column elementor-col-100 elementor-top-column elementor-element elementor-element-15a7d59\" data-id=\"15a7d59\" data-element_type=\"column\" data-e-type=\"column\">\n\t\t\t<div class=\"elementor-widget-wrap elementor-element-populated\">\n\t\t\t\t\t\t<div class=\"elementor-element elementor-element-fdb2cf9 elementor-widget elementor-widget-heading\" data-id=\"fdb2cf9\" data-element_type=\"widget\" data-e-type=\"widget\" data-widget_type=\"heading.default\">\n\t\t\t\t<div class=\"elementor-widget-container\">\n\t\t\t\t\t<h2 class=\"elementor-heading-title elementor-size-default\">Maquillaje Mineral<\/h2>\t\t\t\t<\/div>\n\t\t\t\t<\/div>\n\t\t\t\t<div class=\"elementor-element elementor-element-37b4ca8 color-scheme-inherit text-left elementor-widget elementor-widget-text-editor\" data-id=\"37b4ca8\" data-element_type=\"widget\" data-e-type=\"widget\" data-widget_type=\"text-editor.default\">\n\t\t\t\t<div class=\"elementor-widget-container\">\n\t\t\t\t\t\t\t\t\t<p>Radical specializes in mineral-based cosmetics comprised of organic ingredients.<\/p>\n<p>Our team of mineral makeup manufacturers and experts will help you customize a mineral makeup formula that will appeal to your target market. We can customize any formula to provide the texture, feel, and coverage you require. Our mineral makeup contains no dyes or fillers.<\/p>\n<p>There are many benefits to mineral makeup. It is non-comedogenic, anti-inflammatory, and virtually hypoallergenic, and it offers complete coverage for skin conditions like acne, rosacea, and redness. Also, it is composed of inert minerals that do not support bacteria and is not tested on animals.<\/p>\t\t\t\t\t\t\t\t<\/div>\n\t\t\t\t<\/div>\n\t\t\t\t\t<\/div>\n\t\t<\/div>\n\t\t\t\t\t<\/div>\n\t\t<\/section>\n\t\t\t\t<section class=\"elementor-section elementor-top-section elementor-element elementor-element-31d8444 elementor-section-boxed elementor-section-height-default elementor-section-height-default\" data-id=\"31d8444\" data-element_type=\"section\" data-e-type=\"section\">\n\t\t\t\t\t\t<div class=\"elementor-container elementor-column-gap-default\">\n\t\t\t\t\t<div class=\"elementor-column elementor-col-100 elementor-top-column elementor-element elementor-element-38dd9bf\" data-id=\"38dd9bf\" data-element_type=\"column\" data-e-type=\"column\">\n\t\t\t<div class=\"elementor-widget-wrap elementor-element-populated\">\n\t\t\t\t\t\t<div class=\"elementor-element elementor-element-6b25c2c elementor-widget elementor-widget-heading\" data-id=\"6b25c2c\" data-element_type=\"widget\" data-e-type=\"widget\" data-widget_type=\"heading.default\">\n\t\t\t\t<div class=\"elementor-widget-container\">\n\t\t\t\t\t<h2 class=\"elementor-heading-title elementor-size-default\">Llenado y embalaje de cosm\u00e9ticos<\/h2>\t\t\t\t<\/div>\n\t\t\t\t<\/div>\n\t\t\t\t<div class=\"elementor-element elementor-element-157dbe8 color-scheme-inherit text-left elementor-widget elementor-widget-text-editor\" data-id=\"157dbe8\" data-element_type=\"widget\" data-e-type=\"widget\" data-widget_type=\"text-editor.default\">\n\t\t\t\t<div class=\"elementor-widget-container\">\n\t\t\t\t\t\t\t\t\t<p>Our bulk cosmetic filling and packing capabilities encompass glass and plastic jars, bottles and tubes. We pack most types of primary and secondary cosmetic packaging. In addition, we offer kit assembly, product labeling and pack-outs.<\/p>\t\t\t\t\t\t\t\t<\/div>\n\t\t\t\t<\/div>\n\t\t\t\t\t<\/div>\n\t\t<\/div>\n\t\t\t\t\t<\/div>\n\t\t<\/section>\n\t\t\t\t<\/div>","protected":false},"excerpt":{"rendered":"<p>Contract Manufacturing for Color Cosmetic Products Radical Cosmetics offers cosmetic contract manufacturing services worldwide. \u00a0We are recognized as one of<\/p>","protected":false},"author":1,"featured_media":0,"parent":0,"menu_order":0,"comment_status":"closed","ping_status":"closed","template":"","meta":{"om_disable_all_campaigns":false,"_monsterinsights_skip_tracking":false,"_monsterinsights_sitenote_active":false,"_monsterinsights_sitenote_note":"","_monsterinsights_sitenote_category":0,"_uf_show_specific_survey":0,"_uf_disable_surveys":false,"footnotes":""},"class_list":["post-303","page","type-page","status-publish","hentry"],"aioseo_notices":[],"jetpack_sharing_enabled":true,"_links":{"self":[{"href":"https:\/\/radicalcosmetics.com\/es\/wp-json\/wp\/v2\/pages\/303","targetHints":{"allow":["GET"]}}],"collection":[{"href":"https:\/\/radicalcosmetics.com\/es\/wp-json\/wp\/v2\/pages"}],"about":[{"href":"https:\/\/radicalcosmetics.com\/es\/wp-json\/wp\/v2\/types\/page"}],"author":[{"embeddable":true,"href":"https:\/\/radicalcosmetics.com\/es\/wp-json\/wp\/v2\/users\/1"}],"replies":[{"embeddable":true,"href":"https:\/\/radicalcosmetics.com\/es\/wp-json\/wp\/v2\/comments?post=303"}],"version-history":[{"count":6,"href":"https:\/\/radicalcosmetics.com\/es\/wp-json\/wp\/v2\/pages\/303\/revisions"}],"predecessor-version":[{"id":5343,"href":"https:\/\/radicalcosmetics.com\/es\/wp-json\/wp\/v2\/pages\/303\/revisions\/5343"}],"wp:attachment":[{"href":"https:\/\/radicalcosmetics.com\/es\/wp-json\/wp\/v2\/media?parent=303"}],"curies":[{"name":"wp","href":"https:\/\/api.w.org\/{rel}","templated":true}]}}