{"id":1366,"date":"2022-02-17T09:45:12","date_gmt":"2022-02-17T14:45:12","guid":{"rendered":"https:\/\/radicalcosmetics.com\/?page_id=1366"},"modified":"2025-02-05T18:40:43","modified_gmt":"2025-02-05T23:40:43","slug":"about-service","status":"publish","type":"page","link":"https:\/\/radicalcosmetics.com\/es\/contract-manufacturing\/about-service\/","title":{"rendered":"About Service"},"content":{"rendered":"<div data-elementor-type=\"wp-page\" data-elementor-id=\"1366\" class=\"elementor elementor-1366\" data-elementor-post-type=\"page\">\n\t\t\t\t\t\t<section class=\"elementor-section elementor-top-section elementor-element elementor-element-5f824a2 elementor-section-full_width elementor-section-height-min-height elementor-section-stretched elementor-section-height-default elementor-section-items-middle\" data-id=\"5f824a2\" data-element_type=\"section\" data-e-type=\"section\" data-settings=\"{&quot;stretch_section&quot;:&quot;section-stretched&quot;,&quot;background_background&quot;:&quot;classic&quot;}\">\n\t\t\t\t\t\t<div class=\"elementor-container elementor-column-gap-default\">\n\t\t\t\t\t<div class=\"elementor-column elementor-col-100 elementor-top-column elementor-element elementor-element-93eb613\" data-id=\"93eb613\" data-element_type=\"column\" data-e-type=\"column\">\n\t\t\t<div class=\"elementor-widget-wrap\">\n\t\t\t\t\t\t\t<\/div>\n\t\t<\/div>\n\t\t\t\t\t<\/div>\n\t\t<\/section>\n\t\t\t\t<section class=\"elementor-section elementor-top-section elementor-element elementor-element-85a135d elementor-section-boxed elementor-section-height-default elementor-section-height-default\" data-id=\"85a135d\" data-element_type=\"section\" data-e-type=\"section\">\n\t\t\t\t\t\t<div class=\"elementor-container elementor-column-gap-default\">\n\t\t\t\t\t<div class=\"elementor-column elementor-col-100 elementor-top-column elementor-element elementor-element-7c1fef0\" data-id=\"7c1fef0\" data-element_type=\"column\" data-e-type=\"column\">\n\t\t\t<div class=\"elementor-widget-wrap elementor-element-populated\">\n\t\t\t\t\t\t<div class=\"elementor-element elementor-element-46f9e38 elementor-widget elementor-widget-heading\" data-id=\"46f9e38\" data-element_type=\"widget\" data-e-type=\"widget\" data-widget_type=\"heading.default\">\n\t\t\t\t<div class=\"elementor-widget-container\">\n\t\t\t\t\t<h1 class=\"elementor-heading-title elementor-size-default\">About Contract Manufacturing<\/h1>\t\t\t\t<\/div>\n\t\t\t\t<\/div>\n\t\t\t\t<div class=\"elementor-element elementor-element-6a003b7 color-scheme-inherit text-left elementor-widget elementor-widget-text-editor\" data-id=\"6a003b7\" data-element_type=\"widget\" data-e-type=\"widget\" data-widget_type=\"text-editor.default\">\n\t\t\t\t<div class=\"elementor-widget-container\">\n\t\t\t\t\t\t\t\t\t<div id=\"comp-kykl4ead2\" class=\"_2Hij5\" data-testid=\"richTextElement\">\n<p class=\"font_7\">Since 2003, Radical Cosmetics has been a leading provider of color cosmetics and skincare contract manufacturing, development, and packaging solutions. As a family-owned and operated company, we take the time to get to know our customers and their specific needs. All of the Radical Cosmetics products are PROUDLY MADE IN THE USA (Fort Pierce, Florida).&nbsp;<\/p>\n<p class=\"font_7\"><span style=\"color: var( --e-global-color-text ); font-size: 14px;\">Nos enorgullecemos de estar a la vanguardia del movimiento Clean beauty que se est\u00e1 produciendo actualmente en la industria cosm\u00e9tica de todo el mundo. El movimiento est\u00e1 creciendo exponencialmente y es gracias a las comunidades conscientes de la salud que se preocupan por nuestro futuro en general. Con ingredientes no t\u00f3xicos y etiquetado transparente, nuestro objetivo es difundir el conocimiento y las ofertas de alternativas seguras para la fabricaci\u00f3n de cosm\u00e9ticos.<\/span><\/p>\n<\/div>\n<div id=\"comp-kykl4eaf\" class=\"_2Hij5\" data-testid=\"richTextElement\">\n<h5 class=\"font_5\">CLEAN BEAUTY STANDARDS INCLUDE:<\/h5>\n<\/div>\n<div id=\"comp-kykl4eag1\" class=\"_2Hij5\" data-testid=\"richTextElement\">\n<ul class=\"font_7\">\n<li>\n<p class=\"font_7\">Sustentabilidad&nbsp;<\/p>\n<\/li>\n<li>\n<p class=\"font_7\">Transparencia<\/p>\n<\/li>\n<li>\n<p class=\"font_7\">Libre de crueldad animal<\/p>\n<\/li>\n<li>\n<p class=\"font_7\">\u00c9ticos&nbsp;<\/p>\n<\/li>\n<li>\n<p class=\"font_7\">Libre de parabeno<\/p>\n<\/li>\n<li>\n<p class=\"font_7\">Ingredientes limpios + f\u00f3rmulas de alta calidad&nbsp;<\/p>\n<\/li>\n<li>\n<p class=\"font_7\">Rendimiento<\/p>\n<\/li>\n<li>\n<p class=\"font_7\">Hecho en los Estados Unidos de America<\/p>\n<\/li>\n<\/ul>\n<\/div>\n<div id=\"comp-kynd7h4j\" class=\"_2Hij5\" data-testid=\"richTextElement\">\n<p class=\"font_7\">Sustainability&nbsp;&#8211; Through global consciousness, we have taken the stance to care about social and environmental responsibility of impact. As we become more ecologically aware, we encourage low-polluting packaging and products. We can break it down into segments: (1) Production (water consumption, energy, and waste management). (2) Packaging (recyclable, biodegradable, and compostable). We believe as a brand that sustainability requires a positive impact on the world and to the consumers we provide products.&nbsp;&nbsp;<\/p>\n<p class=\"font_7\"><span style=\"font-size: 14px; color: var( --e-global-color-text );\">Transparency&nbsp;&#8211; We have transitioned to implementing innovative steps towards providing greater clarity in labeling the ingredients and process of every one of our finished products.&nbsp;<\/span><\/p>\n<p class=\"font_7\"><span style=\"font-size: 14px; color: var( --e-global-color-text );\">Cruelty-Free &#8211; The Leaping Bunny Program is the gold standard in cruelty-free certification for personal care and household products companies and signifies no animal testing at any stage of product development. The Corporate Standard of Compassion For Animals (&#8220;The Standard&#8221;) Leaping Bunny.&nbsp;<\/span><\/p>\n<p class=\"font_7\"><span style=\"font-size: 14px; color: var( --e-global-color-text );\">Ethically Sourced&nbsp;&#8211; Ethical consumerism (alternatively called ethical consumption, ethical purchasing, moral purchasing, ethical sourcing, ethical shopping, or green consumerism) is a type of consumer activism that is based on the concept of dollar voting. It is practiced through the &#8216;positive buying&#8217; of ethical products.<\/span><\/p>\n<p class=\"font_7\"><span style=\"color: var( --e-global-color-text ); font-size: 14px;\">Sin parabenos\u00a0: los productos qu\u00edmicos nocivos no forman parte de las f\u00f3rmulas del producto.&nbsp;<\/span><\/p>\n<p class=\"font_7\"><span style=\"color: var( --e-global-color-text ); font-size: 14px;\">Ingredientes limpios\/F\u00f3rmulas de alta calidad: existen cuatro etapas b\u00e1sicas para obtener ingredientes limpios. Los primeros dos pasos son encontrar y evaluar los ingredientes \u00f3ptimos. Tenemos m\u00e9tricas para las cuales categorizamos \"limpio\" y luego calificamos\/comparamos los ingredientes para ver si cumplen con la certificaci\u00f3n necesaria para la formulaci\u00f3n. Los ultimos dos son acceder a ingredientes limpios, comparar los ingredientes y manipular las formulaciones. Utilizamos un m\u00e9todo de consulta de certificaci\u00f3n de proveedores, comparando el almacenamiento y el seguimiento. Las selecciones informadas se desarrollan a trav\u00e9s de marcos de evaluaci\u00f3n construidos dentro de nuestro equipo de investigaci\u00f3n y desarrollo.&nbsp;&nbsp;<\/span><\/p>\n<p class=\"font_7\"><span style=\"color: var( --e-global-color-text ); font-size: 14px;\">Performance&nbsp;&#8211; The application, wearability, and comfort of every single cosmetic product are made with the consumer in mind. We convey the science behind the ingredients and the complexity of the formulations, educating clients on the ways the finished product harnesses the functions with every single application.&nbsp;<\/span><\/p>\n<p class=\"font_7\">\n<\/p><p class=\"font_7\">Made in the USA &#8211; All product formulas are developed and manufactured in our Radical Cosmetics facilities in Fort Pierce, Florida.&nbsp;<\/p>\n<p class=\"font_7\">\n<\/p><p class=\"font_7\">\n<\/p><p class=\"font_7\">APRENDA M\u00c1S SOBRE RADICAL COSMETICS Y CONSEJOS DE COMO COMENZAR UN NEGOCIOS EN NUESTRO NUEVO&nbsp;<a href=\"https:\/\/graphics1862.wixsite.com\/radical-cosmetics\/blog\" target=\"_self\">BLOG<\/a><\/p>\n<\/div>\t\t\t\t\t\t\t\t<\/div>\n\t\t\t\t<\/div>\n\t\t\t\t\t<\/div>\n\t\t<\/div>\n\t\t\t\t\t<\/div>\n\t\t<\/section>\n\t\t\t\t<section class=\"elementor-section elementor-top-section elementor-element elementor-element-9aba779 elementor-section-boxed elementor-section-height-default elementor-section-height-default\" data-id=\"9aba779\" data-element_type=\"section\" data-e-type=\"section\">\n\t\t\t\t\t\t<div class=\"elementor-container elementor-column-gap-default\">\n\t\t\t\t\t<div class=\"elementor-column elementor-col-100 elementor-top-column elementor-element elementor-element-0f79df2\" data-id=\"0f79df2\" data-element_type=\"column\" data-e-type=\"column\">\n\t\t\t<div class=\"elementor-widget-wrap elementor-element-populated\">\n\t\t\t\t\t\t<div class=\"elementor-element elementor-element-c586f59 elementor-widget elementor-widget-wd_image_or_svg\" data-id=\"c586f59\" data-element_type=\"widget\" data-e-type=\"widget\" data-widget_type=\"wd_image_or_svg.default\">\n\t\t\t\t<div class=\"elementor-widget-container\">\n\t\t\t\t\t\n\t\t<div class=\"wd-image text-left\">\n\t\t\t\t\t\t\t\t<img fetchpriority=\"high\" decoding=\"async\" width=\"1024\" height=\"781\" src=\"https:\/\/radicalcosmetics.com\/wp-content\/uploads\/2024\/11\/IMG_7854-1024x781.jpg\" class=\"attachment-large size-large\" alt=\"Radical Cosmetics production team standing in front of Production Line 12, where solid and powder cosmetic manufacturing takes place. The image features lab technicians, batching specialists, and production line workers in clean lab coats and protective gear, set against a backdrop of high-grade stainless steel equipment. Showcasing our commitment to clean beauty, high-quality cosmetic production, and USA-made manufacturing of paraben-free, cruelty-free, and non-toxic makeup and skincare products.\" srcset=\"https:\/\/radicalcosmetics.com\/wp-content\/uploads\/2024\/11\/IMG_7854-1024x781.jpg 1024w, https:\/\/radicalcosmetics.com\/wp-content\/uploads\/2024\/11\/IMG_7854-scaled-150x114.jpg 150w, https:\/\/radicalcosmetics.com\/wp-content\/uploads\/2024\/11\/IMG_7854-scaled-600x458.jpg 600w, https:\/\/radicalcosmetics.com\/wp-content\/uploads\/2024\/11\/IMG_7854-300x229.jpg 300w, https:\/\/radicalcosmetics.com\/wp-content\/uploads\/2024\/11\/IMG_7854-768x586.jpg 768w, https:\/\/radicalcosmetics.com\/wp-content\/uploads\/2024\/11\/IMG_7854-1536x1171.jpg 1536w, https:\/\/radicalcosmetics.com\/wp-content\/uploads\/2024\/11\/IMG_7854-2048x1561.jpg 2048w, https:\/\/radicalcosmetics.com\/wp-content\/uploads\/2024\/11\/IMG_7854-16x12.jpg 16w, https:\/\/radicalcosmetics.com\/wp-content\/uploads\/2024\/11\/IMG_7854-79x60.jpg 79w, https:\/\/radicalcosmetics.com\/wp-content\/uploads\/2024\/11\/IMG_7854-118x90.jpg 118w\" sizes=\"(max-width: 1024px) 100vw, 1024px\" \/>\t\t\t\t\t<\/div>\n\n\t\t\t\t\t\t<\/div>\n\t\t\t\t<\/div>\n\t\t\t\t\t<\/div>\n\t\t<\/div>\n\t\t\t\t\t<\/div>\n\t\t<\/section>\n\t\t\t\t<\/div>","protected":false},"excerpt":{"rendered":"<p>About Contract Manufacturing Since 2003, Radical Cosmetics has been a leading provider of color cosmetics and skincare contract manufacturing, development,<\/p>","protected":false},"author":1,"featured_media":0,"parent":303,"menu_order":0,"comment_status":"closed","ping_status":"closed","template":"","meta":{"om_disable_all_campaigns":false,"_monsterinsights_skip_tracking":false,"_monsterinsights_sitenote_active":false,"_monsterinsights_sitenote_note":"","_monsterinsights_sitenote_category":0,"_uf_show_specific_survey":0,"_uf_disable_surveys":false,"footnotes":""},"class_list":["post-1366","page","type-page","status-publish","hentry"],"aioseo_notices":[],"jetpack_sharing_enabled":true,"_links":{"self":[{"href":"https:\/\/radicalcosmetics.com\/es\/wp-json\/wp\/v2\/pages\/1366","targetHints":{"allow":["GET"]}}],"collection":[{"href":"https:\/\/radicalcosmetics.com\/es\/wp-json\/wp\/v2\/pages"}],"about":[{"href":"https:\/\/radicalcosmetics.com\/es\/wp-json\/wp\/v2\/types\/page"}],"author":[{"embeddable":true,"href":"https:\/\/radicalcosmetics.com\/es\/wp-json\/wp\/v2\/users\/1"}],"replies":[{"embeddable":true,"href":"https:\/\/radicalcosmetics.com\/es\/wp-json\/wp\/v2\/comments?post=1366"}],"version-history":[{"count":0,"href":"https:\/\/radicalcosmetics.com\/es\/wp-json\/wp\/v2\/pages\/1366\/revisions"}],"up":[{"embeddable":true,"href":"https:\/\/radicalcosmetics.com\/es\/wp-json\/wp\/v2\/pages\/303"}],"wp:attachment":[{"href":"https:\/\/radicalcosmetics.com\/es\/wp-json\/wp\/v2\/media?parent=1366"}],"curies":[{"name":"wp","href":"https:\/\/api.w.org\/{rel}","templated":true}]}}